{"id":167,"date":"2010-04-16T14:38:22","date_gmt":"2010-04-16T14:38:22","guid":{"rendered":"http:\/\/blocn4.wordpress.com\/?page_id=18"},"modified":"2025-10-16T13:48:13","modified_gmt":"2025-10-16T13:48:13","slug":"istoric","status":"publish","type":"page","link":"https:\/\/goldenglory.ro\/?page_id=167","title":{"rendered":"Istoric Bloc N4"},"content":{"rendered":"<p>Blocul sa dat in folosin\u021b\u0103 pe data de 09.09.1969 an in care 30 de familii intrau in posesia unui apartament proprietate personala.<\/p>\n<p>Dat in folosin\u021b\u0103: Primii locatari au p\u0103\u0219it in el in data de 09.09.1969<\/p>\n<p><img  title=\"\" loading=\"lazy\" decoding=\"async\" class=\"aligncenter wp-image-283 size-full\" src=\"https:\/\/goldenglory.ro\/wp-content\/uploads\/2011\/03\/foto-articol.jpg\"  alt=\"foto-articol Istoric Bloc N4\"  width=\"1625\" height=\"1042\" srcset=\"https:\/\/goldenglory.ro\/wp-content\/uploads\/2011\/03\/foto-articol.jpg 1625w, https:\/\/goldenglory.ro\/wp-content\/uploads\/2011\/03\/foto-articol-300x192.jpg 300w, https:\/\/goldenglory.ro\/wp-content\/uploads\/2011\/03\/foto-articol-1024x657.jpg 1024w, https:\/\/goldenglory.ro\/wp-content\/uploads\/2011\/03\/foto-articol-768x492.jpg 768w, https:\/\/goldenglory.ro\/wp-content\/uploads\/2011\/03\/foto-articol-1536x985.jpg 1536w, https:\/\/goldenglory.ro\/wp-content\/uploads\/2011\/03\/foto-articol-625x400.jpg 625w\" sizes=\"auto, (max-width: 1625px) 100vw, 1625px\" \/><\/p>\n<p>Ziarul local Zori noi din data de 10.09.1969 a scris despre darea in folosin\u021b\u0103 a blocului N4.<\/p>\n<p>Mul\u021bumiri bibliotecii centrale I.G.Sbiera care a p\u0103strat in arhivele sale acest ziar f\u0103c\u00e2nd posibila publicarea sa.<\/p>\n<p><img  title=\"\" loading=\"lazy\" decoding=\"async\" class=\"aligncenter wp-image-279 size-full\" src=\"https:\/\/goldenglory.ro\/wp-content\/uploads\/2011\/03\/articol.jpg\"  alt=\"articol Istoric Bloc N4\"  width=\"615\" height=\"1011\" srcset=\"https:\/\/goldenglory.ro\/wp-content\/uploads\/2011\/03\/articol.jpg 615w, https:\/\/goldenglory.ro\/wp-content\/uploads\/2011\/03\/articol-182x300.jpg 182w\" sizes=\"auto, (max-width: 615px) 100vw, 615px\" \/> <img  title=\"\" loading=\"lazy\" decoding=\"async\" class=\"aligncenter wp-image-278 size-full\" src=\"https:\/\/goldenglory.ro\/wp-content\/uploads\/2011\/03\/doar-articol.jpg\"  alt=\"doar-articol Istoric Bloc N4\"  width=\"2361\" height=\"1290\" srcset=\"https:\/\/goldenglory.ro\/wp-content\/uploads\/2011\/03\/doar-articol.jpg 2361w, https:\/\/goldenglory.ro\/wp-content\/uploads\/2011\/03\/doar-articol-300x164.jpg 300w, https:\/\/goldenglory.ro\/wp-content\/uploads\/2011\/03\/doar-articol-1024x559.jpg 1024w, https:\/\/goldenglory.ro\/wp-content\/uploads\/2011\/03\/doar-articol-768x420.jpg 768w, https:\/\/goldenglory.ro\/wp-content\/uploads\/2011\/03\/doar-articol-1536x839.jpg 1536w, https:\/\/goldenglory.ro\/wp-content\/uploads\/2011\/03\/doar-articol-2048x1119.jpg 2048w\" sizes=\"auto, (max-width: 2361px) 100vw, 2361px\" \/> <img  title=\"\" loading=\"lazy\" decoding=\"async\" class=\"aligncenter wp-image-276 size-full\" src=\"https:\/\/goldenglory.ro\/wp-content\/uploads\/2011\/03\/zori-noi-10-09-1969-titlu_n4-scaled.jpg\"  alt=\"zori-noi-10-09-1969-titlu_n4-scaled Istoric Bloc N4\"  width=\"2560\" height=\"1202\" srcset=\"https:\/\/goldenglory.ro\/wp-content\/uploads\/2011\/03\/zori-noi-10-09-1969-titlu_n4-scaled.jpg 2560w, https:\/\/goldenglory.ro\/wp-content\/uploads\/2011\/03\/zori-noi-10-09-1969-titlu_n4-300x141.jpg 300w, https:\/\/goldenglory.ro\/wp-content\/uploads\/2011\/03\/zori-noi-10-09-1969-titlu_n4-1024x481.jpg 1024w, https:\/\/goldenglory.ro\/wp-content\/uploads\/2011\/03\/zori-noi-10-09-1969-titlu_n4-768x361.jpg 768w, https:\/\/goldenglory.ro\/wp-content\/uploads\/2011\/03\/zori-noi-10-09-1969-titlu_n4-1536x721.jpg 1536w, https:\/\/goldenglory.ro\/wp-content\/uploads\/2011\/03\/zori-noi-10-09-1969-titlu_n4-2048x962.jpg 2048w\" sizes=\"auto, (max-width: 2560px) 100vw, 2560px\" \/><\/p>\n<p>Primii proprietari a acelor 30 de apartamente au fost:<\/p>\n<p><strong>ap. 01<\/strong>.\u00a0 Caliniuc Mihai si Eleonora<\/p>\n<p><strong>ap.02.<\/strong> Birsan Toma-Orest si Domnica<\/p>\n<p><strong>ap.03.<\/strong> Ciofu Ioan si Anita<\/p>\n<p><strong>ap.04.<\/strong> Zoitei Gheorghe si Rodica<\/p>\n<p><strong> ap.05.<\/strong> Sudureac Dumitru si Eufrosina<\/p>\n<p><strong>ap.06.<\/strong> Kroner Ianos si Maria<\/p>\n<p><strong>ap.07.<\/strong> Olar Andrei si Eufrosina<\/p>\n<p><strong>ap.08. <\/strong>Bercovici David si Sura<\/p>\n<p><strong>ap.09.<\/strong> Onciul Oltea Elisabeta<\/p>\n<p><strong>ap.10.<\/strong> Miraut Textil &#8211; Stelian<\/p>\n<p><strong>ap.11.<\/strong> Bandol Ilie si Elisaveta<\/p>\n<p><strong>ap.12.<\/strong> Manoli George si Manolea Veronica<\/p>\n<p><strong>ap.13.<\/strong> Dragan Ioan si Ludevica<\/p>\n<p><strong>ap.14.<\/strong> Tomut Gheorghe si Maria<\/p>\n<p><strong>ap.15.<\/strong> Paulian Teodora Brandusa<\/p>\n<p><strong>ap.16.<\/strong> Paicu Teodor si Maria<\/p>\n<p><strong>ap.17.<\/strong> Arvinti Vasile si Eufrosina<\/p>\n<p><strong>ap.18.<\/strong> Hancu Mihai si Rodica<\/p>\n<p><strong>ap.19.<\/strong> Olteanu Oltea<\/p>\n<p><strong>ap.20.<\/strong> Olteanu Ilie si Lachila<\/p>\n<p><strong>ap.21.<\/strong> Anita Ioan si Valentina<\/p>\n<p><strong>ap.22.<\/strong> Florescu Ioan si Ana<\/p>\n<p><strong>ap.23. <\/strong>Crudu Constantin si Veronica<\/p>\n<p><strong>ap.24. <\/strong>Gutau Anton<\/p>\n<p><strong>ap.25.<\/strong> Hrenciuc Nicolae si Ecaterina<\/p>\n<p><strong>ap.26.<\/strong> Draghici Mircea si Maria<\/p>\n<p><strong>ap.27. <\/strong>Ignatescu Emilian<\/p>\n<p><strong>ap.28.<\/strong> Pesclevei Titi si Silvia<\/p>\n<p><strong>ap.29.<\/strong> Carneala Aurel si Adriana<\/p>\n<p><strong>ap.30.<\/strong> Andries Maria<\/p>\n<p>Locatie Bloc N4:<\/p>\n<p style=\"text-align: center;\">str. Mitropoliei nr.28<\/p>\n<p><img  title=\"\" loading=\"lazy\" decoding=\"async\" class=\"aligncenter wp-image-166 size-full\" src=\"https:\/\/goldenglory.ro\/wp-content\/uploads\/2010\/04\/harta-sucevei-bloc-n41.jpg\"  alt=\"harta-sucevei-bloc-n41 Istoric Bloc N4\"  width=\"743\" height=\"546\" srcset=\"https:\/\/goldenglory.ro\/wp-content\/uploads\/2010\/04\/harta-sucevei-bloc-n41.jpg 743w, https:\/\/goldenglory.ro\/wp-content\/uploads\/2010\/04\/harta-sucevei-bloc-n41-300x220.jpg 300w\" sizes=\"auto, (max-width: 743px) 100vw, 743px\" \/><\/p>\n","protected":false},"excerpt":{"rendered":"<p>Blocul sa dat in folosin\u021b\u0103 pe data de 09.09.1969 an in care 30 de familii intrau in posesia unui apartament proprietate personala. Dat in folosin\u021b\u0103: Primii locatari au p\u0103\u0219it in el in data de 09.09.1969 Ziarul local Zori noi din data de 10.09.1969 a scris despre darea in folosin\u021b\u0103 a blocului N4. Mul\u021bumiri bibliotecii centrale [&hellip;]<\/p>\n","protected":false},"author":1,"featured_media":0,"parent":0,"menu_order":0,"comment_status":"open","ping_status":"closed","template":"","meta":{"footnotes":""},"class_list":["post-167","page","type-page","status-publish","hentry"],"yoast_head":"<!-- This site is optimized with the Yoast SEO plugin v27.4 - https:\/\/yoast.com\/product\/yoast-seo-wordpress\/ -->\n<title>Istoric Bloc N4 - MD<\/title>\n<meta name=\"robots\" content=\"index, follow, max-snippet:-1, max-image-preview:large, max-video-preview:-1\" \/>\n<link rel=\"canonical\" href=\"https:\/\/goldenglory.ro\/?page_id=167\" \/>\n<meta property=\"og:locale\" content=\"ro_RO\" \/>\n<meta property=\"og:type\" content=\"article\" \/>\n<meta property=\"og:title\" content=\"Istoric Bloc N4 - MD\" \/>\n<meta property=\"og:description\" content=\"Blocul sa dat in folosin\u021b\u0103 pe data de 09.09.1969 an in care 30 de familii intrau in posesia unui apartament proprietate personala. Dat in folosin\u021b\u0103: Primii locatari au p\u0103\u0219it in el in data de 09.09.1969 Ziarul local Zori noi din data de 10.09.1969 a scris despre darea in folosin\u021b\u0103 a blocului N4. Mul\u021bumiri bibliotecii centrale [&hellip;]\" \/>\n<meta property=\"og:url\" content=\"https:\/\/goldenglory.ro\/?page_id=167\" \/>\n<meta property=\"og:site_name\" content=\"MD\" \/>\n<meta property=\"article:modified_time\" content=\"2025-10-16T13:48:13+00:00\" \/>\n<meta property=\"og:image\" content=\"https:\/\/goldenglory.ro\/wp-content\/uploads\/2011\/03\/foto-articol.jpg\" \/>\n\t<meta property=\"og:image:width\" content=\"1625\" \/>\n\t<meta property=\"og:image:height\" content=\"1042\" \/>\n\t<meta property=\"og:image:type\" content=\"image\/jpeg\" \/>\n<meta name=\"twitter:card\" content=\"summary_large_image\" \/>\n<meta name=\"twitter:label1\" content=\"Timp estimat pentru citire\" \/>\n\t<meta name=\"twitter:data1\" content=\"1 minut\" \/>\n<script type=\"application\/ld+json\" class=\"yoast-schema-graph\">{\"@context\":\"https:\\\/\\\/schema.org\",\"@graph\":[{\"@type\":\"WebPage\",\"@id\":\"https:\\\/\\\/goldenglory.ro\\\/?page_id=167\",\"url\":\"https:\\\/\\\/goldenglory.ro\\\/?page_id=167\",\"name\":\"Istoric Bloc N4 - MD\",\"isPartOf\":{\"@id\":\"https:\\\/\\\/goldenglory.ro\\\/#website\"},\"primaryImageOfPage\":{\"@id\":\"https:\\\/\\\/goldenglory.ro\\\/?page_id=167#primaryimage\"},\"image\":{\"@id\":\"https:\\\/\\\/goldenglory.ro\\\/?page_id=167#primaryimage\"},\"thumbnailUrl\":\"https:\\\/\\\/goldenglory.ro\\\/wp-content\\\/uploads\\\/2011\\\/03\\\/foto-articol.jpg\",\"datePublished\":\"2010-04-16T14:38:22+00:00\",\"dateModified\":\"2025-10-16T13:48:13+00:00\",\"breadcrumb\":{\"@id\":\"https:\\\/\\\/goldenglory.ro\\\/?page_id=167#breadcrumb\"},\"inLanguage\":\"ro-RO\",\"potentialAction\":[{\"@type\":\"ReadAction\",\"target\":[\"https:\\\/\\\/goldenglory.ro\\\/?page_id=167\"]}]},{\"@type\":\"ImageObject\",\"inLanguage\":\"ro-RO\",\"@id\":\"https:\\\/\\\/goldenglory.ro\\\/?page_id=167#primaryimage\",\"url\":\"https:\\\/\\\/goldenglory.ro\\\/wp-content\\\/uploads\\\/2011\\\/03\\\/foto-articol.jpg\",\"contentUrl\":\"https:\\\/\\\/goldenglory.ro\\\/wp-content\\\/uploads\\\/2011\\\/03\\\/foto-articol.jpg\",\"width\":1625,\"height\":1042},{\"@type\":\"BreadcrumbList\",\"@id\":\"https:\\\/\\\/goldenglory.ro\\\/?page_id=167#breadcrumb\",\"itemListElement\":[{\"@type\":\"ListItem\",\"position\":1,\"name\":\"Prima pagin\u0103\",\"item\":\"https:\\\/\\\/goldenglory.ro\\\/\"},{\"@type\":\"ListItem\",\"position\":2,\"name\":\"Istoric Bloc N4\"}]},{\"@type\":\"WebSite\",\"@id\":\"https:\\\/\\\/goldenglory.ro\\\/#website\",\"url\":\"https:\\\/\\\/goldenglory.ro\\\/\",\"name\":\"MD\",\"description\":\"G\u00e2nduri, idei , opinii , toate strict personale\",\"potentialAction\":[{\"@type\":\"SearchAction\",\"target\":{\"@type\":\"EntryPoint\",\"urlTemplate\":\"https:\\\/\\\/goldenglory.ro\\\/?s={search_term_string}\"},\"query-input\":{\"@type\":\"PropertyValueSpecification\",\"valueRequired\":true,\"valueName\":\"search_term_string\"}}],\"inLanguage\":\"ro-RO\"}]}<\/script>\n<!-- \/ Yoast SEO plugin. -->","yoast_head_json":{"title":"Istoric Bloc N4 - MD","robots":{"index":"index","follow":"follow","max-snippet":"max-snippet:-1","max-image-preview":"max-image-preview:large","max-video-preview":"max-video-preview:-1"},"canonical":"https:\/\/goldenglory.ro\/?page_id=167","og_locale":"ro_RO","og_type":"article","og_title":"Istoric Bloc N4 - MD","og_description":"Blocul sa dat in folosin\u021b\u0103 pe data de 09.09.1969 an in care 30 de familii intrau in posesia unui apartament proprietate personala. Dat in folosin\u021b\u0103: Primii locatari au p\u0103\u0219it in el in data de 09.09.1969 Ziarul local Zori noi din data de 10.09.1969 a scris despre darea in folosin\u021b\u0103 a blocului N4. Mul\u021bumiri bibliotecii centrale [&hellip;]","og_url":"https:\/\/goldenglory.ro\/?page_id=167","og_site_name":"MD","article_modified_time":"2025-10-16T13:48:13+00:00","og_image":[{"width":1625,"height":1042,"url":"https:\/\/goldenglory.ro\/wp-content\/uploads\/2011\/03\/foto-articol.jpg","type":"image\/jpeg"}],"twitter_card":"summary_large_image","twitter_misc":{"Timp estimat pentru citire":"1 minut"},"schema":{"@context":"https:\/\/schema.org","@graph":[{"@type":"WebPage","@id":"https:\/\/goldenglory.ro\/?page_id=167","url":"https:\/\/goldenglory.ro\/?page_id=167","name":"Istoric Bloc N4 - MD","isPartOf":{"@id":"https:\/\/goldenglory.ro\/#website"},"primaryImageOfPage":{"@id":"https:\/\/goldenglory.ro\/?page_id=167#primaryimage"},"image":{"@id":"https:\/\/goldenglory.ro\/?page_id=167#primaryimage"},"thumbnailUrl":"https:\/\/goldenglory.ro\/wp-content\/uploads\/2011\/03\/foto-articol.jpg","datePublished":"2010-04-16T14:38:22+00:00","dateModified":"2025-10-16T13:48:13+00:00","breadcrumb":{"@id":"https:\/\/goldenglory.ro\/?page_id=167#breadcrumb"},"inLanguage":"ro-RO","potentialAction":[{"@type":"ReadAction","target":["https:\/\/goldenglory.ro\/?page_id=167"]}]},{"@type":"ImageObject","inLanguage":"ro-RO","@id":"https:\/\/goldenglory.ro\/?page_id=167#primaryimage","url":"https:\/\/goldenglory.ro\/wp-content\/uploads\/2011\/03\/foto-articol.jpg","contentUrl":"https:\/\/goldenglory.ro\/wp-content\/uploads\/2011\/03\/foto-articol.jpg","width":1625,"height":1042},{"@type":"BreadcrumbList","@id":"https:\/\/goldenglory.ro\/?page_id=167#breadcrumb","itemListElement":[{"@type":"ListItem","position":1,"name":"Prima pagin\u0103","item":"https:\/\/goldenglory.ro\/"},{"@type":"ListItem","position":2,"name":"Istoric Bloc N4"}]},{"@type":"WebSite","@id":"https:\/\/goldenglory.ro\/#website","url":"https:\/\/goldenglory.ro\/","name":"MD","description":"G\u00e2nduri, idei , opinii , toate strict personale","potentialAction":[{"@type":"SearchAction","target":{"@type":"EntryPoint","urlTemplate":"https:\/\/goldenglory.ro\/?s={search_term_string}"},"query-input":{"@type":"PropertyValueSpecification","valueRequired":true,"valueName":"search_term_string"}}],"inLanguage":"ro-RO"}]}},"_links":{"self":[{"href":"https:\/\/goldenglory.ro\/index.php?rest_route=\/wp\/v2\/pages\/167","targetHints":{"allow":["GET"]}}],"collection":[{"href":"https:\/\/goldenglory.ro\/index.php?rest_route=\/wp\/v2\/pages"}],"about":[{"href":"https:\/\/goldenglory.ro\/index.php?rest_route=\/wp\/v2\/types\/page"}],"author":[{"embeddable":true,"href":"https:\/\/goldenglory.ro\/index.php?rest_route=\/wp\/v2\/users\/1"}],"replies":[{"embeddable":true,"href":"https:\/\/goldenglory.ro\/index.php?rest_route=%2Fwp%2Fv2%2Fcomments&post=167"}],"version-history":[{"count":4,"href":"https:\/\/goldenglory.ro\/index.php?rest_route=\/wp\/v2\/pages\/167\/revisions"}],"predecessor-version":[{"id":602,"href":"https:\/\/goldenglory.ro\/index.php?rest_route=\/wp\/v2\/pages\/167\/revisions\/602"}],"wp:attachment":[{"href":"https:\/\/goldenglory.ro\/index.php?rest_route=%2Fwp%2Fv2%2Fmedia&parent=167"}],"curies":[{"name":"wp","href":"https:\/\/api.w.org\/{rel}","templated":true}]}}