{"id":171,"date":"2010-04-17T08:29:59","date_gmt":"2010-04-17T08:29:59","guid":{"rendered":"http:\/\/blocn4.wordpress.com\/?page_id=53"},"modified":"2025-10-13T12:55:48","modified_gmt":"2025-10-13T12:55:48","slug":"populatie","status":"publish","type":"page","link":"https:\/\/goldenglory.ro\/?page_id=171","title":{"rendered":"Popula\u0163ie Suceava"},"content":{"rendered":"<h2>Popula\u0163ie<\/h2>\n<p>La ultimul recens\u0103m\u00e2nt (<a title=\"2002\" href=\"http:\/\/ro.wikipedia.org\/wiki\/2002\">2002<\/a>), popula\u0163ia ora\u015fului num\u0103ra 105.865 locuitori.<\/p>\n<h3>Evolu\u0163ia demografic\u0103<\/h3>\n<table align=\"left\">\n<tbody>\n<tr>\n<td><em>Evolu\u0163ia demografic\u0103 la recens\u0103minte:<\/em><\/p>\n<map id=\"timeline_00f1e5ab57d50e979b9320cbac68bd9b\" name=\"timeline_00f1e5ab57d50e979b9320cbac68bd9b\"><\/map>\n<p><img  title=\"\" decoding=\"async\" src=\"http:\/\/upload.wikimedia.org\/wikipedia\/ro\/timeline\/00f1e5ab57d50e979b9320cbac68bd9b.png\"  alt=\"00f1e5ab57d50e979b9320cbac68bd9b Popula\u0163ie Suceava\"  usemap=\"#timeline_00f1e5ab57d50e979b9320cbac68bd9b\" \/><\/td>\n<td>\n<ul>\n<li><a title=\"1912\" href=\"http:\/\/ro.wikipedia.org\/wiki\/1912\">1912<\/a>: 11.229 locuitori<\/li>\n<li><a title=\"1930\" href=\"http:\/\/ro.wikipedia.org\/wiki\/1930\">1930<\/a>: 17.028 locuitori<\/li>\n<li><a title=\"1948\" href=\"http:\/\/ro.wikipedia.org\/wiki\/1948\">1948<\/a>: 10.123 locuitori<\/li>\n<li><a title=\"1956\" href=\"http:\/\/ro.wikipedia.org\/wiki\/1956\">1956<\/a>: 20.949 locuitori<\/li>\n<li><a title=\"1966\" href=\"http:\/\/ro.wikipedia.org\/wiki\/1966\">1966<\/a>: 37.697 locuitori<\/li>\n<li><a title=\"1977\" href=\"http:\/\/ro.wikipedia.org\/wiki\/1977\">1977<\/a>: 62.715 locuitori<\/li>\n<li><a title=\"1992\" href=\"http:\/\/ro.wikipedia.org\/wiki\/1992\">1992<\/a>: 114.462 locuitori<\/li>\n<li><a title=\"1999\" href=\"http:\/\/ro.wikipedia.org\/wiki\/1999\">1999<\/a>: 118.183 locuitori<\/li>\n<\/ul>\n<\/td>\n<\/tr>\n<\/tbody>\n<\/table>\n<p>Popula\u0163ia ora\u015fului Suceava reprezinta aproximativ jum\u0103tate din popula\u0163ia urban\u0103 a <a title=\"Jude\u0163ul Suceava\" href=\"http:\/\/ro.wikipedia.org\/wiki\/Jude%C5%A3ul_Suceava\">jude\u0163ului Suceava<\/a>.<\/p>\n","protected":false},"excerpt":{"rendered":"<p>Popula\u0163ie La ultimul recens\u0103m\u00e2nt (2002), popula\u0163ia ora\u015fului num\u0103ra 105.865 locuitori. Evolu\u0163ia demografic\u0103 Evolu\u0163ia demografic\u0103 la recens\u0103minte: 1912: 11.229 locuitori 1930: 17.028 locuitori 1948: 10.123 locuitori 1956: 20.949 locuitori 1966: 37.697 locuitori 1977: 62.715 locuitori 1992: 114.462 locuitori 1999: 118.183 locuitori Popula\u0163ia ora\u015fului Suceava reprezinta aproximativ jum\u0103tate din popula\u0163ia urban\u0103 a jude\u0163ului Suceava.<\/p>\n","protected":false},"author":1,"featured_media":0,"parent":41,"menu_order":0,"comment_status":"open","ping_status":"closed","template":"","meta":{"footnotes":""},"class_list":["post-171","page","type-page","status-publish","hentry"],"yoast_head":"<!-- This site is optimized with the Yoast SEO plugin v27.4 - https:\/\/yoast.com\/product\/yoast-seo-wordpress\/ -->\n<title>Popula\u0163ie Suceava - MD<\/title>\n<meta name=\"robots\" content=\"index, follow, max-snippet:-1, max-image-preview:large, max-video-preview:-1\" \/>\n<link rel=\"canonical\" href=\"https:\/\/goldenglory.ro\/?page_id=171\" \/>\n<meta property=\"og:locale\" content=\"ro_RO\" \/>\n<meta property=\"og:type\" content=\"article\" \/>\n<meta property=\"og:title\" content=\"Popula\u0163ie Suceava - MD\" \/>\n<meta property=\"og:description\" content=\"Popula\u0163ie La ultimul recens\u0103m\u00e2nt (2002), popula\u0163ia ora\u015fului num\u0103ra 105.865 locuitori. Evolu\u0163ia demografic\u0103 Evolu\u0163ia demografic\u0103 la recens\u0103minte: 1912: 11.229 locuitori 1930: 17.028 locuitori 1948: 10.123 locuitori 1956: 20.949 locuitori 1966: 37.697 locuitori 1977: 62.715 locuitori 1992: 114.462 locuitori 1999: 118.183 locuitori Popula\u0163ia ora\u015fului Suceava reprezinta aproximativ jum\u0103tate din popula\u0163ia urban\u0103 a jude\u0163ului Suceava.\" \/>\n<meta property=\"og:url\" content=\"https:\/\/goldenglory.ro\/?page_id=171\" \/>\n<meta property=\"og:site_name\" content=\"MD\" \/>\n<meta property=\"article:modified_time\" content=\"2025-10-13T12:55:48+00:00\" \/>\n<meta property=\"og:image\" content=\"http:\/\/upload.wikimedia.org\/wikipedia\/ro\/timeline\/00f1e5ab57d50e979b9320cbac68bd9b.png\" \/>\n<meta name=\"twitter:card\" content=\"summary_large_image\" \/>\n<script type=\"application\/ld+json\" class=\"yoast-schema-graph\">{\"@context\":\"https:\\\/\\\/schema.org\",\"@graph\":[{\"@type\":\"WebPage\",\"@id\":\"https:\\\/\\\/goldenglory.ro\\\/?page_id=171\",\"url\":\"https:\\\/\\\/goldenglory.ro\\\/?page_id=171\",\"name\":\"Popula\u0163ie Suceava - MD\",\"isPartOf\":{\"@id\":\"https:\\\/\\\/goldenglory.ro\\\/#website\"},\"primaryImageOfPage\":{\"@id\":\"https:\\\/\\\/goldenglory.ro\\\/?page_id=171#primaryimage\"},\"image\":{\"@id\":\"https:\\\/\\\/goldenglory.ro\\\/?page_id=171#primaryimage\"},\"thumbnailUrl\":\"http:\\\/\\\/upload.wikimedia.org\\\/wikipedia\\\/ro\\\/timeline\\\/00f1e5ab57d50e979b9320cbac68bd9b.png\",\"datePublished\":\"2010-04-17T08:29:59+00:00\",\"dateModified\":\"2025-10-13T12:55:48+00:00\",\"breadcrumb\":{\"@id\":\"https:\\\/\\\/goldenglory.ro\\\/?page_id=171#breadcrumb\"},\"inLanguage\":\"ro-RO\",\"potentialAction\":[{\"@type\":\"ReadAction\",\"target\":[\"https:\\\/\\\/goldenglory.ro\\\/?page_id=171\"]}]},{\"@type\":\"ImageObject\",\"inLanguage\":\"ro-RO\",\"@id\":\"https:\\\/\\\/goldenglory.ro\\\/?page_id=171#primaryimage\",\"url\":\"http:\\\/\\\/upload.wikimedia.org\\\/wikipedia\\\/ro\\\/timeline\\\/00f1e5ab57d50e979b9320cbac68bd9b.png\",\"contentUrl\":\"http:\\\/\\\/upload.wikimedia.org\\\/wikipedia\\\/ro\\\/timeline\\\/00f1e5ab57d50e979b9320cbac68bd9b.png\"},{\"@type\":\"BreadcrumbList\",\"@id\":\"https:\\\/\\\/goldenglory.ro\\\/?page_id=171#breadcrumb\",\"itemListElement\":[{\"@type\":\"ListItem\",\"position\":1,\"name\":\"Prima pagin\u0103\",\"item\":\"https:\\\/\\\/goldenglory.ro\\\/\"},{\"@type\":\"ListItem\",\"position\":2,\"name\":\"Orasul Nostru Suceava\",\"item\":\"https:\\\/\\\/goldenglory.ro\\\/?page_id=41\"},{\"@type\":\"ListItem\",\"position\":3,\"name\":\"Popula\u0163ie Suceava\"}]},{\"@type\":\"WebSite\",\"@id\":\"https:\\\/\\\/goldenglory.ro\\\/#website\",\"url\":\"https:\\\/\\\/goldenglory.ro\\\/\",\"name\":\"MD\",\"description\":\"G\u00e2nduri, idei , opinii , toate strict personale\",\"potentialAction\":[{\"@type\":\"SearchAction\",\"target\":{\"@type\":\"EntryPoint\",\"urlTemplate\":\"https:\\\/\\\/goldenglory.ro\\\/?s={search_term_string}\"},\"query-input\":{\"@type\":\"PropertyValueSpecification\",\"valueRequired\":true,\"valueName\":\"search_term_string\"}}],\"inLanguage\":\"ro-RO\"}]}<\/script>\n<!-- \/ Yoast SEO plugin. -->","yoast_head_json":{"title":"Popula\u0163ie Suceava - MD","robots":{"index":"index","follow":"follow","max-snippet":"max-snippet:-1","max-image-preview":"max-image-preview:large","max-video-preview":"max-video-preview:-1"},"canonical":"https:\/\/goldenglory.ro\/?page_id=171","og_locale":"ro_RO","og_type":"article","og_title":"Popula\u0163ie Suceava - MD","og_description":"Popula\u0163ie La ultimul recens\u0103m\u00e2nt (2002), popula\u0163ia ora\u015fului num\u0103ra 105.865 locuitori. Evolu\u0163ia demografic\u0103 Evolu\u0163ia demografic\u0103 la recens\u0103minte: 1912: 11.229 locuitori 1930: 17.028 locuitori 1948: 10.123 locuitori 1956: 20.949 locuitori 1966: 37.697 locuitori 1977: 62.715 locuitori 1992: 114.462 locuitori 1999: 118.183 locuitori Popula\u0163ia ora\u015fului Suceava reprezinta aproximativ jum\u0103tate din popula\u0163ia urban\u0103 a jude\u0163ului Suceava.","og_url":"https:\/\/goldenglory.ro\/?page_id=171","og_site_name":"MD","article_modified_time":"2025-10-13T12:55:48+00:00","og_image":[{"url":"http:\/\/upload.wikimedia.org\/wikipedia\/ro\/timeline\/00f1e5ab57d50e979b9320cbac68bd9b.png","type":"","width":"","height":""}],"twitter_card":"summary_large_image","schema":{"@context":"https:\/\/schema.org","@graph":[{"@type":"WebPage","@id":"https:\/\/goldenglory.ro\/?page_id=171","url":"https:\/\/goldenglory.ro\/?page_id=171","name":"Popula\u0163ie Suceava - MD","isPartOf":{"@id":"https:\/\/goldenglory.ro\/#website"},"primaryImageOfPage":{"@id":"https:\/\/goldenglory.ro\/?page_id=171#primaryimage"},"image":{"@id":"https:\/\/goldenglory.ro\/?page_id=171#primaryimage"},"thumbnailUrl":"http:\/\/upload.wikimedia.org\/wikipedia\/ro\/timeline\/00f1e5ab57d50e979b9320cbac68bd9b.png","datePublished":"2010-04-17T08:29:59+00:00","dateModified":"2025-10-13T12:55:48+00:00","breadcrumb":{"@id":"https:\/\/goldenglory.ro\/?page_id=171#breadcrumb"},"inLanguage":"ro-RO","potentialAction":[{"@type":"ReadAction","target":["https:\/\/goldenglory.ro\/?page_id=171"]}]},{"@type":"ImageObject","inLanguage":"ro-RO","@id":"https:\/\/goldenglory.ro\/?page_id=171#primaryimage","url":"http:\/\/upload.wikimedia.org\/wikipedia\/ro\/timeline\/00f1e5ab57d50e979b9320cbac68bd9b.png","contentUrl":"http:\/\/upload.wikimedia.org\/wikipedia\/ro\/timeline\/00f1e5ab57d50e979b9320cbac68bd9b.png"},{"@type":"BreadcrumbList","@id":"https:\/\/goldenglory.ro\/?page_id=171#breadcrumb","itemListElement":[{"@type":"ListItem","position":1,"name":"Prima pagin\u0103","item":"https:\/\/goldenglory.ro\/"},{"@type":"ListItem","position":2,"name":"Orasul Nostru Suceava","item":"https:\/\/goldenglory.ro\/?page_id=41"},{"@type":"ListItem","position":3,"name":"Popula\u0163ie Suceava"}]},{"@type":"WebSite","@id":"https:\/\/goldenglory.ro\/#website","url":"https:\/\/goldenglory.ro\/","name":"MD","description":"G\u00e2nduri, idei , opinii , toate strict personale","potentialAction":[{"@type":"SearchAction","target":{"@type":"EntryPoint","urlTemplate":"https:\/\/goldenglory.ro\/?s={search_term_string}"},"query-input":{"@type":"PropertyValueSpecification","valueRequired":true,"valueName":"search_term_string"}}],"inLanguage":"ro-RO"}]}},"_links":{"self":[{"href":"https:\/\/goldenglory.ro\/index.php?rest_route=\/wp\/v2\/pages\/171","targetHints":{"allow":["GET"]}}],"collection":[{"href":"https:\/\/goldenglory.ro\/index.php?rest_route=\/wp\/v2\/pages"}],"about":[{"href":"https:\/\/goldenglory.ro\/index.php?rest_route=\/wp\/v2\/types\/page"}],"author":[{"embeddable":true,"href":"https:\/\/goldenglory.ro\/index.php?rest_route=\/wp\/v2\/users\/1"}],"replies":[{"embeddable":true,"href":"https:\/\/goldenglory.ro\/index.php?rest_route=%2Fwp%2Fv2%2Fcomments&post=171"}],"version-history":[{"count":1,"href":"https:\/\/goldenglory.ro\/index.php?rest_route=\/wp\/v2\/pages\/171\/revisions"}],"predecessor-version":[{"id":366,"href":"https:\/\/goldenglory.ro\/index.php?rest_route=\/wp\/v2\/pages\/171\/revisions\/366"}],"up":[{"embeddable":true,"href":"https:\/\/goldenglory.ro\/index.php?rest_route=\/wp\/v2\/pages\/41"}],"wp:attachment":[{"href":"https:\/\/goldenglory.ro\/index.php?rest_route=%2Fwp%2Fv2%2Fmedia&parent=171"}],"curies":[{"name":"wp","href":"https:\/\/api.w.org\/{rel}","templated":true}]}}