{"id":172,"date":"2010-04-17T08:46:21","date_gmt":"2010-04-17T08:46:21","guid":{"rendered":"http:\/\/blocn4.wordpress.com\/?page_id=65"},"modified":"2025-10-13T12:56:19","modified_gmt":"2025-10-13T12:56:19","slug":"personalitati","status":"publish","type":"page","link":"https:\/\/goldenglory.ro\/?page_id=172","title":{"rendered":"Personalit\u0103\u0163i Sucevene"},"content":{"rendered":"<h2>Personalit\u0103\u0163i<\/h2>\n<ul>\n<li><a title=\"Talpalariu Mihaela Marilena \u2014 pagin\u0103 inexistent\u0103\" href=\"http:\/\/ro.wikipedia.org\/w\/index.php?title=Talpalariu_Mihaela_Marilena&amp;action=edit&amp;redlink=1\">Talpalariu Mihaela Marilena<\/a>,Campion Balcanic Canotaj 2002-Turcia,Campion Mondial 2003-Grecia, de 10 ori campioana nationala si in nenumarate randuri vicecapioana a Romaniei.<\/li>\n<li><a title=\"\u015etefan cel Mare\" href=\"http:\/\/ro.wikipedia.org\/wiki\/%C5%9Etefan_cel_Mare\">\u015etefan cel Mare<\/a>, domnitor al Moldovei, om de stat<\/li>\n<li><a title=\"Anastasie Crimca\" href=\"http:\/\/ro.wikipedia.org\/wiki\/Anastasie_Crimca\">Anastasie Crimca<\/a>, mitropolit, ctitorul M\u00e2n\u0103stirii Dragomirna<\/li>\n<li><a title=\"Ion Gr\u0103mad\u0103\" href=\"http:\/\/ro.wikipedia.org\/wiki\/Ion_Gr%C4%83mad%C4%83\">Ion Gr\u0103mad\u0103<\/a>, scriitor<\/li>\n<li><a title=\"Elena Greculesi\" href=\"http:\/\/ro.wikipedia.org\/wiki\/Elena_Greculesi\">Elena Greculesi<\/a>, pictor<\/li>\n<li><a title=\"Emanoil Diaconescu \u2014 pagin\u0103 inexistent\u0103\" href=\"http:\/\/ro.wikipedia.org\/w\/index.php?title=Emanoil_Diaconescu&amp;action=edit&amp;redlink=1\">Emanoil Diaconescu<\/a>, profesor universitar, membru corespondent al Academiei Rom\u00e2ne<\/li>\n<li><a title=\"Norman Manea\" href=\"http:\/\/ro.wikipedia.org\/wiki\/Norman_Manea\">Norman Manea<\/a>, scriitor<\/li>\n<li><a title=\"Mircea Motrici\" href=\"http:\/\/ro.wikipedia.org\/wiki\/Mircea_Motrici\">Mircea Motrici<\/a>, prozator, ziarist<\/li>\n<li><a title=\"Ioan Neme\u015f\" href=\"http:\/\/ro.wikipedia.org\/wiki\/Ioan_Neme%C5%9F\">Ioan Neme\u015f<\/a>, profesor, om de \u015ftiin\u0163\u0103<\/li>\n<li><a title=\"Frieda Wigder\" href=\"http:\/\/ro.wikipedia.org\/wiki\/Frieda_Wigder\">Frieda Wigder<\/a>, profesor de chimie, director al Liceului &#8222;<a title=\"Petru Rare\u015f\" href=\"http:\/\/ro.wikipedia.org\/wiki\/Petru_Rare%C5%9F\">Petru Rare\u015f<\/a>&#8222;, <strong>Suceava<\/strong><\/li>\n<li><a title=\"Dumitru Rusu\" href=\"http:\/\/ro.wikipedia.org\/wiki\/Dumitru_Rusu\">Dumitru Rusu<\/a>, pictor<\/li>\n<li><a title=\"Mircea D\u0103neasa\" href=\"http:\/\/ro.wikipedia.org\/wiki\/Mircea_D%C4%83neasa\">Mircea D\u0103neasa<\/a>, pictor<\/li>\n<li><a title=\"Emil Satco\" href=\"http:\/\/ro.wikipedia.org\/wiki\/Emil_Satco\">Emil Satco<\/a>, istoric<\/li>\n<li><a title=\"Ion G. Sbiera\" href=\"http:\/\/ro.wikipedia.org\/wiki\/Ion_G._Sbiera\">Ion G. Sbiera<\/a>, folclorist \u015fi istoric literar rom\u00e2n, membru fondator (<a title=\"1866\" href=\"http:\/\/ro.wikipedia.org\/wiki\/1866\">1866<\/a>) al Academiei Rom\u00e2ne<\/li>\n<li><a title=\"Alex \u015etef\u0103nescu\" href=\"http:\/\/ro.wikipedia.org\/wiki\/Alex_%C5%9Etef%C4%83nescu\">Alex \u015etef\u0103nescu<\/a>, critic literar<\/li>\n<li><a title=\"Ioachim Popescu \u2014 pagin\u0103 inexistent\u0103\" href=\"http:\/\/ro.wikipedia.org\/w\/index.php?title=Ioachim_Popescu&amp;action=edit&amp;redlink=1\">Ioachim Popescu<\/a>, scriitor<\/li>\n<li><a title=\"Dimitrie Loghin \u2014 pagin\u0103 inexistent\u0103\" href=\"http:\/\/ro.wikipedia.org\/w\/index.php?title=Dimitrie_Loghin&amp;action=edit&amp;redlink=1\">Dimitrie Loghin<\/a>, pictor, profesor<\/li>\n<li><a title=\"Sofia Vicoveanca\" href=\"http:\/\/ro.wikipedia.org\/wiki\/Sofia_Vicoveanca\">Sofia Vicoveanca<\/a>, c\u00e2ntarea\u0163\u0103 de muzic\u0103 popular\u0103<\/li>\n<li><a title=\"Paul Anastasiu\" href=\"http:\/\/ro.wikipedia.org\/wiki\/Paul_Anastasiu\">Paul Anastasiu<\/a>, artist, pictor \u015fi sculptor contemporan francez de origine rom\u00e2n\u0103, dar putem spune \u00een acelasi timp c\u0103 este artist rom\u00e2n care tr\u0103ie\u015fte \u015fi exerseas\u0103 \u00een sudul Fran\u0163ei.<\/li>\n<li><a title=\"Ciprian Porumbescu\" href=\"http:\/\/ro.wikipedia.org\/wiki\/Ciprian_Porumbescu\">Ciprian Porumbescu<\/a> (n. <a title=\"14 octombrie\" href=\"http:\/\/ro.wikipedia.org\/wiki\/14_octombrie\">14 octombrie<\/a> <a title=\"1853\" href=\"http:\/\/ro.wikipedia.org\/wiki\/1853\">1853<\/a> &#8211; d. <a title=\"6 iulie\" href=\"http:\/\/ro.wikipedia.org\/wiki\/6_iulie\">6 iulie<\/a> <a title=\"1883\" href=\"http:\/\/ro.wikipedia.org\/wiki\/1883\">1883<\/a>), compozitor<\/li>\n<\/ul>\n","protected":false},"excerpt":{"rendered":"<p>Personalit\u0103\u0163i Talpalariu Mihaela Marilena,Campion Balcanic Canotaj 2002-Turcia,Campion Mondial 2003-Grecia, de 10 ori campioana nationala si in nenumarate randuri vicecapioana a Romaniei. \u015etefan cel Mare, domnitor al Moldovei, om de stat Anastasie Crimca, mitropolit, ctitorul M\u00e2n\u0103stirii Dragomirna Ion Gr\u0103mad\u0103, scriitor Elena Greculesi, pictor Emanoil Diaconescu, profesor universitar, membru corespondent al Academiei Rom\u00e2ne Norman Manea, scriitor Mircea [&hellip;]<\/p>\n","protected":false},"author":1,"featured_media":0,"parent":41,"menu_order":0,"comment_status":"open","ping_status":"closed","template":"","meta":{"footnotes":""},"class_list":["post-172","page","type-page","status-publish","hentry"],"yoast_head":"<!-- This site is optimized with the Yoast SEO plugin v27.4 - https:\/\/yoast.com\/product\/yoast-seo-wordpress\/ -->\n<title>Personalit\u0103\u0163i Sucevene - MD<\/title>\n<meta name=\"robots\" content=\"index, follow, max-snippet:-1, max-image-preview:large, max-video-preview:-1\" \/>\n<link rel=\"canonical\" href=\"https:\/\/goldenglory.ro\/?page_id=172\" \/>\n<meta property=\"og:locale\" content=\"ro_RO\" \/>\n<meta property=\"og:type\" content=\"article\" \/>\n<meta property=\"og:title\" content=\"Personalit\u0103\u0163i Sucevene - MD\" \/>\n<meta property=\"og:description\" content=\"Personalit\u0103\u0163i Talpalariu Mihaela Marilena,Campion Balcanic Canotaj 2002-Turcia,Campion Mondial 2003-Grecia, de 10 ori campioana nationala si in nenumarate randuri vicecapioana a Romaniei. \u015etefan cel Mare, domnitor al Moldovei, om de stat Anastasie Crimca, mitropolit, ctitorul M\u00e2n\u0103stirii Dragomirna Ion Gr\u0103mad\u0103, scriitor Elena Greculesi, pictor Emanoil Diaconescu, profesor universitar, membru corespondent al Academiei Rom\u00e2ne Norman Manea, scriitor Mircea [&hellip;]\" \/>\n<meta property=\"og:url\" content=\"https:\/\/goldenglory.ro\/?page_id=172\" \/>\n<meta property=\"og:site_name\" content=\"MD\" \/>\n<meta property=\"article:modified_time\" content=\"2025-10-13T12:56:19+00:00\" \/>\n<meta name=\"twitter:card\" content=\"summary_large_image\" \/>\n<meta name=\"twitter:label1\" content=\"Timp estimat pentru citire\" \/>\n\t<meta name=\"twitter:data1\" content=\"1 minut\" \/>\n<script type=\"application\/ld+json\" class=\"yoast-schema-graph\">{\"@context\":\"https:\\\/\\\/schema.org\",\"@graph\":[{\"@type\":\"WebPage\",\"@id\":\"https:\\\/\\\/goldenglory.ro\\\/?page_id=172\",\"url\":\"https:\\\/\\\/goldenglory.ro\\\/?page_id=172\",\"name\":\"Personalit\u0103\u0163i Sucevene - MD\",\"isPartOf\":{\"@id\":\"https:\\\/\\\/goldenglory.ro\\\/#website\"},\"datePublished\":\"2010-04-17T08:46:21+00:00\",\"dateModified\":\"2025-10-13T12:56:19+00:00\",\"breadcrumb\":{\"@id\":\"https:\\\/\\\/goldenglory.ro\\\/?page_id=172#breadcrumb\"},\"inLanguage\":\"ro-RO\",\"potentialAction\":[{\"@type\":\"ReadAction\",\"target\":[\"https:\\\/\\\/goldenglory.ro\\\/?page_id=172\"]}]},{\"@type\":\"BreadcrumbList\",\"@id\":\"https:\\\/\\\/goldenglory.ro\\\/?page_id=172#breadcrumb\",\"itemListElement\":[{\"@type\":\"ListItem\",\"position\":1,\"name\":\"Prima pagin\u0103\",\"item\":\"https:\\\/\\\/goldenglory.ro\\\/\"},{\"@type\":\"ListItem\",\"position\":2,\"name\":\"Orasul Nostru Suceava\",\"item\":\"https:\\\/\\\/goldenglory.ro\\\/?page_id=41\"},{\"@type\":\"ListItem\",\"position\":3,\"name\":\"Personalit\u0103\u0163i Sucevene\"}]},{\"@type\":\"WebSite\",\"@id\":\"https:\\\/\\\/goldenglory.ro\\\/#website\",\"url\":\"https:\\\/\\\/goldenglory.ro\\\/\",\"name\":\"MD\",\"description\":\"G\u00e2nduri, idei , opinii , toate strict personale\",\"potentialAction\":[{\"@type\":\"SearchAction\",\"target\":{\"@type\":\"EntryPoint\",\"urlTemplate\":\"https:\\\/\\\/goldenglory.ro\\\/?s={search_term_string}\"},\"query-input\":{\"@type\":\"PropertyValueSpecification\",\"valueRequired\":true,\"valueName\":\"search_term_string\"}}],\"inLanguage\":\"ro-RO\"}]}<\/script>\n<!-- \/ Yoast SEO plugin. -->","yoast_head_json":{"title":"Personalit\u0103\u0163i Sucevene - MD","robots":{"index":"index","follow":"follow","max-snippet":"max-snippet:-1","max-image-preview":"max-image-preview:large","max-video-preview":"max-video-preview:-1"},"canonical":"https:\/\/goldenglory.ro\/?page_id=172","og_locale":"ro_RO","og_type":"article","og_title":"Personalit\u0103\u0163i Sucevene - MD","og_description":"Personalit\u0103\u0163i Talpalariu Mihaela Marilena,Campion Balcanic Canotaj 2002-Turcia,Campion Mondial 2003-Grecia, de 10 ori campioana nationala si in nenumarate randuri vicecapioana a Romaniei. \u015etefan cel Mare, domnitor al Moldovei, om de stat Anastasie Crimca, mitropolit, ctitorul M\u00e2n\u0103stirii Dragomirna Ion Gr\u0103mad\u0103, scriitor Elena Greculesi, pictor Emanoil Diaconescu, profesor universitar, membru corespondent al Academiei Rom\u00e2ne Norman Manea, scriitor Mircea [&hellip;]","og_url":"https:\/\/goldenglory.ro\/?page_id=172","og_site_name":"MD","article_modified_time":"2025-10-13T12:56:19+00:00","twitter_card":"summary_large_image","twitter_misc":{"Timp estimat pentru citire":"1 minut"},"schema":{"@context":"https:\/\/schema.org","@graph":[{"@type":"WebPage","@id":"https:\/\/goldenglory.ro\/?page_id=172","url":"https:\/\/goldenglory.ro\/?page_id=172","name":"Personalit\u0103\u0163i Sucevene - MD","isPartOf":{"@id":"https:\/\/goldenglory.ro\/#website"},"datePublished":"2010-04-17T08:46:21+00:00","dateModified":"2025-10-13T12:56:19+00:00","breadcrumb":{"@id":"https:\/\/goldenglory.ro\/?page_id=172#breadcrumb"},"inLanguage":"ro-RO","potentialAction":[{"@type":"ReadAction","target":["https:\/\/goldenglory.ro\/?page_id=172"]}]},{"@type":"BreadcrumbList","@id":"https:\/\/goldenglory.ro\/?page_id=172#breadcrumb","itemListElement":[{"@type":"ListItem","position":1,"name":"Prima pagin\u0103","item":"https:\/\/goldenglory.ro\/"},{"@type":"ListItem","position":2,"name":"Orasul Nostru Suceava","item":"https:\/\/goldenglory.ro\/?page_id=41"},{"@type":"ListItem","position":3,"name":"Personalit\u0103\u0163i Sucevene"}]},{"@type":"WebSite","@id":"https:\/\/goldenglory.ro\/#website","url":"https:\/\/goldenglory.ro\/","name":"MD","description":"G\u00e2nduri, idei , opinii , toate strict personale","potentialAction":[{"@type":"SearchAction","target":{"@type":"EntryPoint","urlTemplate":"https:\/\/goldenglory.ro\/?s={search_term_string}"},"query-input":{"@type":"PropertyValueSpecification","valueRequired":true,"valueName":"search_term_string"}}],"inLanguage":"ro-RO"}]}},"_links":{"self":[{"href":"https:\/\/goldenglory.ro\/index.php?rest_route=\/wp\/v2\/pages\/172","targetHints":{"allow":["GET"]}}],"collection":[{"href":"https:\/\/goldenglory.ro\/index.php?rest_route=\/wp\/v2\/pages"}],"about":[{"href":"https:\/\/goldenglory.ro\/index.php?rest_route=\/wp\/v2\/types\/page"}],"author":[{"embeddable":true,"href":"https:\/\/goldenglory.ro\/index.php?rest_route=\/wp\/v2\/users\/1"}],"replies":[{"embeddable":true,"href":"https:\/\/goldenglory.ro\/index.php?rest_route=%2Fwp%2Fv2%2Fcomments&post=172"}],"version-history":[{"count":1,"href":"https:\/\/goldenglory.ro\/index.php?rest_route=\/wp\/v2\/pages\/172\/revisions"}],"predecessor-version":[{"id":367,"href":"https:\/\/goldenglory.ro\/index.php?rest_route=\/wp\/v2\/pages\/172\/revisions\/367"}],"up":[{"embeddable":true,"href":"https:\/\/goldenglory.ro\/index.php?rest_route=\/wp\/v2\/pages\/41"}],"wp:attachment":[{"href":"https:\/\/goldenglory.ro\/index.php?rest_route=%2Fwp%2Fv2%2Fmedia&parent=172"}],"curies":[{"name":"wp","href":"https:\/\/api.w.org\/{rel}","templated":true}]}}