{"id":41,"date":"2010-04-17T08:19:32","date_gmt":"2010-04-17T08:19:32","guid":{"rendered":"http:\/\/blocn4.wordpress.com\/?page_id=41"},"modified":"2025-10-13T12:50:28","modified_gmt":"2025-10-13T12:50:28","slug":"orasul-nostru","status":"publish","type":"page","link":"https:\/\/goldenglory.ro\/?page_id=41","title":{"rendered":"Orasul Nostru Suceava"},"content":{"rendered":"<p><a href=\"http:\/\/blocn4.files.wordpress.com\/2010\/04\/stema-sucevei.png\"><img loading=\"lazy\" decoding=\"async\" class=\"alignleft size-medium wp-image-42\"  title=\"\"  src=\"http:\/\/blocn4.files.wordpress.com\/2010\/04\/stema-sucevei.png?w=172\"  alt=\"stema-sucevei Orasul Nostru Suceava\"  width=\"172\" height=\"300\" \/><\/a>Suceava este re\u015fedin\u0163a \u015fi totodat\u0103 cel mai mare ora\u015f al jude\u0163ului Suceava, situat \u00een Bucovina, Rom\u00e2nia.<\/p>\n<p>Municipiul Suceava se num\u0103r\u0103 printre cele mai vechi \u015fi mai importante a\u015fez\u0103ri ale \u0163\u0103rii. Timp de dou\u0103 veacuri a fost re\u015fedin\u0163\u0103 principal\u0103 a statului Moldova, iar \u00eentre 1775\u20131918 a fost un ora\u015f din Imperiul Austriac (p\u0103m\u00e2nturile coroanei Regatul Gali\u0163iei \u015fi Lodomeriei \u015fi Ducatul Bucovinei).<\/p>\n","protected":false},"excerpt":{"rendered":"<p>Suceava este re\u015fedin\u0163a \u015fi totodat\u0103 cel mai mare ora\u015f al jude\u0163ului Suceava, situat \u00een Bucovina, Rom\u00e2nia. Municipiul Suceava se num\u0103r\u0103 printre cele mai vechi \u015fi mai importante a\u015fez\u0103ri ale \u0163\u0103rii. Timp de dou\u0103 veacuri a fost re\u015fedin\u0163\u0103 principal\u0103 a statului Moldova, iar \u00eentre 1775\u20131918 a fost un ora\u015f din Imperiul Austriac (p\u0103m\u00e2nturile coroanei Regatul Gali\u0163iei [&hellip;]<\/p>\n","protected":false},"author":1,"featured_media":0,"parent":0,"menu_order":8,"comment_status":"open","ping_status":"closed","template":"","meta":{"footnotes":""},"class_list":["post-41","page","type-page","status-publish","hentry"],"yoast_head":"<!-- This site is optimized with the Yoast SEO plugin v27.4 - https:\/\/yoast.com\/product\/yoast-seo-wordpress\/ -->\n<title>Orasul Nostru Suceava - MD<\/title>\n<meta name=\"robots\" content=\"index, follow, max-snippet:-1, max-image-preview:large, max-video-preview:-1\" \/>\n<link rel=\"canonical\" href=\"https:\/\/goldenglory.ro\/?page_id=41\" \/>\n<meta property=\"og:locale\" content=\"ro_RO\" \/>\n<meta property=\"og:type\" content=\"article\" \/>\n<meta property=\"og:title\" content=\"Orasul Nostru Suceava - MD\" \/>\n<meta property=\"og:description\" content=\"Suceava este re\u015fedin\u0163a \u015fi totodat\u0103 cel mai mare ora\u015f al jude\u0163ului Suceava, situat \u00een Bucovina, Rom\u00e2nia. Municipiul Suceava se num\u0103r\u0103 printre cele mai vechi \u015fi mai importante a\u015fez\u0103ri ale \u0163\u0103rii. Timp de dou\u0103 veacuri a fost re\u015fedin\u0163\u0103 principal\u0103 a statului Moldova, iar \u00eentre 1775\u20131918 a fost un ora\u015f din Imperiul Austriac (p\u0103m\u00e2nturile coroanei Regatul Gali\u0163iei [&hellip;]\" \/>\n<meta property=\"og:url\" content=\"https:\/\/goldenglory.ro\/?page_id=41\" \/>\n<meta property=\"og:site_name\" content=\"MD\" \/>\n<meta property=\"article:modified_time\" content=\"2025-10-13T12:50:28+00:00\" \/>\n<meta name=\"twitter:card\" content=\"summary_large_image\" \/>\n<script type=\"application\/ld+json\" class=\"yoast-schema-graph\">{\"@context\":\"https:\\\/\\\/schema.org\",\"@graph\":[{\"@type\":\"WebPage\",\"@id\":\"https:\\\/\\\/goldenglory.ro\\\/?page_id=41\",\"url\":\"https:\\\/\\\/goldenglory.ro\\\/?page_id=41\",\"name\":\"Orasul Nostru Suceava - MD\",\"isPartOf\":{\"@id\":\"https:\\\/\\\/goldenglory.ro\\\/#website\"},\"primaryImageOfPage\":{\"@id\":\"https:\\\/\\\/goldenglory.ro\\\/?page_id=41#primaryimage\"},\"image\":{\"@id\":\"https:\\\/\\\/goldenglory.ro\\\/?page_id=41#primaryimage\"},\"thumbnailUrl\":\"http:\\\/\\\/blocn4.files.wordpress.com\\\/2010\\\/04\\\/stema-sucevei.png?w=172\",\"datePublished\":\"2010-04-17T08:19:32+00:00\",\"dateModified\":\"2025-10-13T12:50:28+00:00\",\"breadcrumb\":{\"@id\":\"https:\\\/\\\/goldenglory.ro\\\/?page_id=41#breadcrumb\"},\"inLanguage\":\"ro-RO\",\"potentialAction\":[{\"@type\":\"ReadAction\",\"target\":[\"https:\\\/\\\/goldenglory.ro\\\/?page_id=41\"]}]},{\"@type\":\"ImageObject\",\"inLanguage\":\"ro-RO\",\"@id\":\"https:\\\/\\\/goldenglory.ro\\\/?page_id=41#primaryimage\",\"url\":\"http:\\\/\\\/blocn4.files.wordpress.com\\\/2010\\\/04\\\/stema-sucevei.png?w=172\",\"contentUrl\":\"http:\\\/\\\/blocn4.files.wordpress.com\\\/2010\\\/04\\\/stema-sucevei.png?w=172\"},{\"@type\":\"BreadcrumbList\",\"@id\":\"https:\\\/\\\/goldenglory.ro\\\/?page_id=41#breadcrumb\",\"itemListElement\":[{\"@type\":\"ListItem\",\"position\":1,\"name\":\"Prima pagin\u0103\",\"item\":\"https:\\\/\\\/goldenglory.ro\\\/\"},{\"@type\":\"ListItem\",\"position\":2,\"name\":\"Orasul Nostru Suceava\"}]},{\"@type\":\"WebSite\",\"@id\":\"https:\\\/\\\/goldenglory.ro\\\/#website\",\"url\":\"https:\\\/\\\/goldenglory.ro\\\/\",\"name\":\"MD\",\"description\":\"G\u00e2nduri, idei , opinii , toate strict personale\",\"potentialAction\":[{\"@type\":\"SearchAction\",\"target\":{\"@type\":\"EntryPoint\",\"urlTemplate\":\"https:\\\/\\\/goldenglory.ro\\\/?s={search_term_string}\"},\"query-input\":{\"@type\":\"PropertyValueSpecification\",\"valueRequired\":true,\"valueName\":\"search_term_string\"}}],\"inLanguage\":\"ro-RO\"}]}<\/script>\n<!-- \/ Yoast SEO plugin. -->","yoast_head_json":{"title":"Orasul Nostru Suceava - MD","robots":{"index":"index","follow":"follow","max-snippet":"max-snippet:-1","max-image-preview":"max-image-preview:large","max-video-preview":"max-video-preview:-1"},"canonical":"https:\/\/goldenglory.ro\/?page_id=41","og_locale":"ro_RO","og_type":"article","og_title":"Orasul Nostru Suceava - MD","og_description":"Suceava este re\u015fedin\u0163a \u015fi totodat\u0103 cel mai mare ora\u015f al jude\u0163ului Suceava, situat \u00een Bucovina, Rom\u00e2nia. Municipiul Suceava se num\u0103r\u0103 printre cele mai vechi \u015fi mai importante a\u015fez\u0103ri ale \u0163\u0103rii. Timp de dou\u0103 veacuri a fost re\u015fedin\u0163\u0103 principal\u0103 a statului Moldova, iar \u00eentre 1775\u20131918 a fost un ora\u015f din Imperiul Austriac (p\u0103m\u00e2nturile coroanei Regatul Gali\u0163iei [&hellip;]","og_url":"https:\/\/goldenglory.ro\/?page_id=41","og_site_name":"MD","article_modified_time":"2025-10-13T12:50:28+00:00","twitter_card":"summary_large_image","schema":{"@context":"https:\/\/schema.org","@graph":[{"@type":"WebPage","@id":"https:\/\/goldenglory.ro\/?page_id=41","url":"https:\/\/goldenglory.ro\/?page_id=41","name":"Orasul Nostru Suceava - MD","isPartOf":{"@id":"https:\/\/goldenglory.ro\/#website"},"primaryImageOfPage":{"@id":"https:\/\/goldenglory.ro\/?page_id=41#primaryimage"},"image":{"@id":"https:\/\/goldenglory.ro\/?page_id=41#primaryimage"},"thumbnailUrl":"http:\/\/blocn4.files.wordpress.com\/2010\/04\/stema-sucevei.png?w=172","datePublished":"2010-04-17T08:19:32+00:00","dateModified":"2025-10-13T12:50:28+00:00","breadcrumb":{"@id":"https:\/\/goldenglory.ro\/?page_id=41#breadcrumb"},"inLanguage":"ro-RO","potentialAction":[{"@type":"ReadAction","target":["https:\/\/goldenglory.ro\/?page_id=41"]}]},{"@type":"ImageObject","inLanguage":"ro-RO","@id":"https:\/\/goldenglory.ro\/?page_id=41#primaryimage","url":"http:\/\/blocn4.files.wordpress.com\/2010\/04\/stema-sucevei.png?w=172","contentUrl":"http:\/\/blocn4.files.wordpress.com\/2010\/04\/stema-sucevei.png?w=172"},{"@type":"BreadcrumbList","@id":"https:\/\/goldenglory.ro\/?page_id=41#breadcrumb","itemListElement":[{"@type":"ListItem","position":1,"name":"Prima pagin\u0103","item":"https:\/\/goldenglory.ro\/"},{"@type":"ListItem","position":2,"name":"Orasul Nostru Suceava"}]},{"@type":"WebSite","@id":"https:\/\/goldenglory.ro\/#website","url":"https:\/\/goldenglory.ro\/","name":"MD","description":"G\u00e2nduri, idei , opinii , toate strict personale","potentialAction":[{"@type":"SearchAction","target":{"@type":"EntryPoint","urlTemplate":"https:\/\/goldenglory.ro\/?s={search_term_string}"},"query-input":{"@type":"PropertyValueSpecification","valueRequired":true,"valueName":"search_term_string"}}],"inLanguage":"ro-RO"}]}},"_links":{"self":[{"href":"https:\/\/goldenglory.ro\/index.php?rest_route=\/wp\/v2\/pages\/41","targetHints":{"allow":["GET"]}}],"collection":[{"href":"https:\/\/goldenglory.ro\/index.php?rest_route=\/wp\/v2\/pages"}],"about":[{"href":"https:\/\/goldenglory.ro\/index.php?rest_route=\/wp\/v2\/types\/page"}],"author":[{"embeddable":true,"href":"https:\/\/goldenglory.ro\/index.php?rest_route=\/wp\/v2\/users\/1"}],"replies":[{"embeddable":true,"href":"https:\/\/goldenglory.ro\/index.php?rest_route=%2Fwp%2Fv2%2Fcomments&post=41"}],"version-history":[{"count":1,"href":"https:\/\/goldenglory.ro\/index.php?rest_route=\/wp\/v2\/pages\/41\/revisions"}],"predecessor-version":[{"id":356,"href":"https:\/\/goldenglory.ro\/index.php?rest_route=\/wp\/v2\/pages\/41\/revisions\/356"}],"wp:attachment":[{"href":"https:\/\/goldenglory.ro\/index.php?rest_route=%2Fwp%2Fv2%2Fmedia&parent=41"}],"curies":[{"name":"wp","href":"https:\/\/api.w.org\/{rel}","templated":true}]}}