{"id":44,"date":"2010-04-17T08:21:15","date_gmt":"2010-04-17T08:21:15","guid":{"rendered":"http:\/\/blocn4.wordpress.com\/orasul-nostru\/asezare-geografica\/"},"modified":"2010-04-17T08:21:15","modified_gmt":"2010-04-17T08:21:15","slug":"asezare-geografica","status":"publish","type":"page","link":"https:\/\/goldenglory.ro\/?page_id=44","title":{"rendered":"A\u015fezare geografic\u0103"},"content":{"rendered":"<h2>A\u015fezare  geografic\u0103<\/h2>\n<p>Ora\u015ful este construit pe dou\u0103 zone geografice: dealurile \u015fi v\u0103ile <a title=\"Suceava (r\u00e2u)\" href=\"http:\/\/ro.wikipedia.org\/wiki\/Suceava_%28r%C3%A2u%29\">r\u00e2ului Suceava<\/a>. R\u00e2ul, lung  de 170 km, izvor\u00e2nd din Masivul Lucina, ocup\u0103 26% din suprafa\u0163a  jude\u0163ului cu bazinul s\u0103u hidrografic. La 149 de km de la v\u0103rsarea \u00een <a title=\"R\u00e2ul Siret\" href=\"http:\/\/ro.wikipedia.org\/wiki\/R%C3%A2ul_Siret\">Siret<\/a>,  se afl\u0103 ora\u015ful Suceava, re\u015fedin\u0163a jude\u0163ului cu acela\u015fi nume.  Configura\u0163ia neobi\u015fnuit\u0103 a ora\u015fului include dou\u0103 cr\u00e2nguri &#8211; Zamca \u015fi  \u015eipote &#8211; care sunt ambele localizate \u00een grani\u0163ele ora\u015fului.<\/p>\n<h3>Pozi\u0163ionare<\/h3>\n<p>Ora\u015ful Suceava este localizat \u00een partea de nord-est a <a title=\"Romania\" href=\"http:\/\/ro.wikipedia.org\/wiki\/Romania\">Rom\u00e2niei<\/a>, la distan\u0163a de 450 km de <a title=\"Bucure\u015fti\" href=\"http:\/\/ro.wikipedia.org\/wiki\/Bucure%C5%9Fti\">Bucure\u015fti<\/a> pe calea ferat\u0103 \u015fi 432 km pe \u015fosea.<\/p>\n","protected":false},"excerpt":{"rendered":"<p>A\u015fezare geografic\u0103 Ora\u015ful este construit pe dou\u0103 zone geografice: dealurile \u015fi v\u0103ile r\u00e2ului Suceava. R\u00e2ul, lung de 170 km, izvor\u00e2nd din Masivul Lucina, ocup\u0103 26% din suprafa\u0163a jude\u0163ului cu bazinul s\u0103u hidrografic. La 149 de km de la v\u0103rsarea \u00een Siret, se afl\u0103 ora\u015ful Suceava, re\u015fedin\u0163a jude\u0163ului cu acela\u015fi nume. Configura\u0163ia neobi\u015fnuit\u0103 a ora\u015fului include [&hellip;]<\/p>\n","protected":false},"author":1,"featured_media":0,"parent":41,"menu_order":0,"comment_status":"open","ping_status":"closed","template":"","meta":{"footnotes":""},"class_list":["post-44","page","type-page","status-publish","hentry"],"yoast_head":"<!-- This site is optimized with the Yoast SEO plugin v27.4 - https:\/\/yoast.com\/product\/yoast-seo-wordpress\/ -->\n<title>A\u015fezare geografic\u0103 - MD<\/title>\n<meta name=\"robots\" content=\"index, follow, max-snippet:-1, max-image-preview:large, max-video-preview:-1\" \/>\n<link rel=\"canonical\" href=\"https:\/\/goldenglory.ro\/?page_id=44\" \/>\n<meta property=\"og:locale\" content=\"ro_RO\" \/>\n<meta property=\"og:type\" content=\"article\" \/>\n<meta property=\"og:title\" content=\"A\u015fezare geografic\u0103 - MD\" \/>\n<meta property=\"og:description\" content=\"A\u015fezare geografic\u0103 Ora\u015ful este construit pe dou\u0103 zone geografice: dealurile \u015fi v\u0103ile r\u00e2ului Suceava. R\u00e2ul, lung de 170 km, izvor\u00e2nd din Masivul Lucina, ocup\u0103 26% din suprafa\u0163a jude\u0163ului cu bazinul s\u0103u hidrografic. La 149 de km de la v\u0103rsarea \u00een Siret, se afl\u0103 ora\u015ful Suceava, re\u015fedin\u0163a jude\u0163ului cu acela\u015fi nume. Configura\u0163ia neobi\u015fnuit\u0103 a ora\u015fului include [&hellip;]\" \/>\n<meta property=\"og:url\" content=\"https:\/\/goldenglory.ro\/?page_id=44\" \/>\n<meta property=\"og:site_name\" content=\"MD\" \/>\n<meta name=\"twitter:card\" content=\"summary_large_image\" \/>\n<meta name=\"twitter:label1\" content=\"Timp estimat pentru citire\" \/>\n\t<meta name=\"twitter:data1\" content=\"1 minut\" \/>\n<script type=\"application\/ld+json\" class=\"yoast-schema-graph\">{\"@context\":\"https:\\\/\\\/schema.org\",\"@graph\":[{\"@type\":\"WebPage\",\"@id\":\"https:\\\/\\\/goldenglory.ro\\\/?page_id=44\",\"url\":\"https:\\\/\\\/goldenglory.ro\\\/?page_id=44\",\"name\":\"A\u015fezare geografic\u0103 - MD\",\"isPartOf\":{\"@id\":\"https:\\\/\\\/goldenglory.ro\\\/#website\"},\"datePublished\":\"2010-04-17T08:21:15+00:00\",\"breadcrumb\":{\"@id\":\"https:\\\/\\\/goldenglory.ro\\\/?page_id=44#breadcrumb\"},\"inLanguage\":\"ro-RO\",\"potentialAction\":[{\"@type\":\"ReadAction\",\"target\":[\"https:\\\/\\\/goldenglory.ro\\\/?page_id=44\"]}]},{\"@type\":\"BreadcrumbList\",\"@id\":\"https:\\\/\\\/goldenglory.ro\\\/?page_id=44#breadcrumb\",\"itemListElement\":[{\"@type\":\"ListItem\",\"position\":1,\"name\":\"Prima pagin\u0103\",\"item\":\"https:\\\/\\\/goldenglory.ro\\\/\"},{\"@type\":\"ListItem\",\"position\":2,\"name\":\"Orasul Nostru Suceava\",\"item\":\"https:\\\/\\\/goldenglory.ro\\\/?page_id=41\"},{\"@type\":\"ListItem\",\"position\":3,\"name\":\"A\u015fezare geografic\u0103\"}]},{\"@type\":\"WebSite\",\"@id\":\"https:\\\/\\\/goldenglory.ro\\\/#website\",\"url\":\"https:\\\/\\\/goldenglory.ro\\\/\",\"name\":\"MD\",\"description\":\"G\u00e2nduri, idei , opinii , toate strict personale\",\"potentialAction\":[{\"@type\":\"SearchAction\",\"target\":{\"@type\":\"EntryPoint\",\"urlTemplate\":\"https:\\\/\\\/goldenglory.ro\\\/?s={search_term_string}\"},\"query-input\":{\"@type\":\"PropertyValueSpecification\",\"valueRequired\":true,\"valueName\":\"search_term_string\"}}],\"inLanguage\":\"ro-RO\"}]}<\/script>\n<!-- \/ Yoast SEO plugin. -->","yoast_head_json":{"title":"A\u015fezare geografic\u0103 - MD","robots":{"index":"index","follow":"follow","max-snippet":"max-snippet:-1","max-image-preview":"max-image-preview:large","max-video-preview":"max-video-preview:-1"},"canonical":"https:\/\/goldenglory.ro\/?page_id=44","og_locale":"ro_RO","og_type":"article","og_title":"A\u015fezare geografic\u0103 - MD","og_description":"A\u015fezare geografic\u0103 Ora\u015ful este construit pe dou\u0103 zone geografice: dealurile \u015fi v\u0103ile r\u00e2ului Suceava. R\u00e2ul, lung de 170 km, izvor\u00e2nd din Masivul Lucina, ocup\u0103 26% din suprafa\u0163a jude\u0163ului cu bazinul s\u0103u hidrografic. La 149 de km de la v\u0103rsarea \u00een Siret, se afl\u0103 ora\u015ful Suceava, re\u015fedin\u0163a jude\u0163ului cu acela\u015fi nume. Configura\u0163ia neobi\u015fnuit\u0103 a ora\u015fului include [&hellip;]","og_url":"https:\/\/goldenglory.ro\/?page_id=44","og_site_name":"MD","twitter_card":"summary_large_image","twitter_misc":{"Timp estimat pentru citire":"1 minut"},"schema":{"@context":"https:\/\/schema.org","@graph":[{"@type":"WebPage","@id":"https:\/\/goldenglory.ro\/?page_id=44","url":"https:\/\/goldenglory.ro\/?page_id=44","name":"A\u015fezare geografic\u0103 - MD","isPartOf":{"@id":"https:\/\/goldenglory.ro\/#website"},"datePublished":"2010-04-17T08:21:15+00:00","breadcrumb":{"@id":"https:\/\/goldenglory.ro\/?page_id=44#breadcrumb"},"inLanguage":"ro-RO","potentialAction":[{"@type":"ReadAction","target":["https:\/\/goldenglory.ro\/?page_id=44"]}]},{"@type":"BreadcrumbList","@id":"https:\/\/goldenglory.ro\/?page_id=44#breadcrumb","itemListElement":[{"@type":"ListItem","position":1,"name":"Prima pagin\u0103","item":"https:\/\/goldenglory.ro\/"},{"@type":"ListItem","position":2,"name":"Orasul Nostru Suceava","item":"https:\/\/goldenglory.ro\/?page_id=41"},{"@type":"ListItem","position":3,"name":"A\u015fezare geografic\u0103"}]},{"@type":"WebSite","@id":"https:\/\/goldenglory.ro\/#website","url":"https:\/\/goldenglory.ro\/","name":"MD","description":"G\u00e2nduri, idei , opinii , toate strict personale","potentialAction":[{"@type":"SearchAction","target":{"@type":"EntryPoint","urlTemplate":"https:\/\/goldenglory.ro\/?s={search_term_string}"},"query-input":{"@type":"PropertyValueSpecification","valueRequired":true,"valueName":"search_term_string"}}],"inLanguage":"ro-RO"}]}},"_links":{"self":[{"href":"https:\/\/goldenglory.ro\/index.php?rest_route=\/wp\/v2\/pages\/44","targetHints":{"allow":["GET"]}}],"collection":[{"href":"https:\/\/goldenglory.ro\/index.php?rest_route=\/wp\/v2\/pages"}],"about":[{"href":"https:\/\/goldenglory.ro\/index.php?rest_route=\/wp\/v2\/types\/page"}],"author":[{"embeddable":true,"href":"https:\/\/goldenglory.ro\/index.php?rest_route=\/wp\/v2\/users\/1"}],"replies":[{"embeddable":true,"href":"https:\/\/goldenglory.ro\/index.php?rest_route=%2Fwp%2Fv2%2Fcomments&post=44"}],"version-history":[{"count":0,"href":"https:\/\/goldenglory.ro\/index.php?rest_route=\/wp\/v2\/pages\/44\/revisions"}],"up":[{"embeddable":true,"href":"https:\/\/goldenglory.ro\/index.php?rest_route=\/wp\/v2\/pages\/41"}],"wp:attachment":[{"href":"https:\/\/goldenglory.ro\/index.php?rest_route=%2Fwp%2Fv2%2Fmedia&parent=44"}],"curies":[{"name":"wp","href":"https:\/\/api.w.org\/{rel}","templated":true}]}}