{"id":48,"date":"2010-04-17T08:25:17","date_gmt":"2010-04-17T08:25:17","guid":{"rendered":"http:\/\/blocn4.wordpress.com\/?page_id=48"},"modified":"2025-10-13T12:57:57","modified_gmt":"2025-10-13T12:57:57","slug":"istoric","status":"publish","type":"page","link":"https:\/\/goldenglory.ro\/?page_id=48","title":{"rendered":"Istoria Sucevei"},"content":{"rendered":"<h2>Istoric<\/h2>\n<div>\n<div>Planul Cet\u0103\u0163ii asa cum a fost ridicat in anul 1901<\/div>\n<\/div>\n<div>Pentru detalii, vezi: <a title=\"Istoria Sucevei\" href=\"http:\/\/ro.wikipedia.org\/wiki\/Istoria_Sucevei\">Istoria Sucevei<\/a>.<\/div>\n<p>Teritoriul ora\u015fului Suceava \u015fi \u00eemprejurimile sale au fost locuite, a\u015fa cum atest\u0103 cercet\u0103rile arheologice, din timpuri str\u0103vechi, \u00eencep\u00e2nd chiar din <a title=\"Paleolitic\" href=\"http:\/\/ro.wikipedia.org\/wiki\/Paleolitic\">paleolitic<\/a>. \u00cen sec. II-III exista aici o a\u015fezare a dacilor liberi, descoperirile arheologice relev\u00e2nd \u015fi puternice influen\u0163e romane.<\/p>\n<p>\u00cen epoca migra\u0163iei \u015fi \u00een secolele urm\u0103toare popula\u0163ia autohton\u0103 a continuat s\u0103 vie\u0163uiasc\u0103 pe aceste meleaguri, iar \u00een sec. XIV, \u00een 1388, Suceava este men\u0163ionat\u0103 drept capital\u0103 a Moldovei.<\/p>\n<p>\u00cencep\u00e2nd cu domnia lui <a title=\"Petru I al Moldovei\" href=\"http:\/\/ro.wikipedia.org\/wiki\/Petru_I_al_Moldovei\">Petru I al Moldovei<\/a> (circa 1375 &#8211; 1391), Cetatea Sucevei a devenit principala cetate de scaun a \u0162\u0103rii Moldovei, aceast\u0103 func\u0163ie \u00eendeplinind-o \u015fi \u00een vremea lui <a title=\"Aron Vod\u0103\" href=\"http:\/\/ro.wikipedia.org\/wiki\/Aron_Vod%C4%83\">Aron Vod\u0103<\/a> (1592 &#8211; 1595), <a title=\"\u015etefan R\u0103zvan\" href=\"http:\/\/ro.wikipedia.org\/wiki\/%C5%9Etefan_R%C4%83zvan\">\u015etefan R\u0103zvan<\/a> (1595) \u015fi a <a title=\"Movile\u015ftilor \u2014 pagin\u0103 inexistent\u0103\" href=\"http:\/\/ro.wikipedia.org\/w\/index.php?title=Movile%C5%9Ftilor&amp;action=edit&amp;redlink=1\">Movile\u015ftilor<\/a>. Odat\u0103 cu <a title=\"Alexandru L\u0103pu\u015fneanu\" href=\"http:\/\/ro.wikipedia.org\/wiki\/Alexandru_L%C4%83pu%C5%9Fneanu\">Alexandru L\u0103pu\u015fneanu<\/a>, re\u015fedin\u0163a domneasc\u0103 s-a mutat la <a title=\"Ia\u015fi\" href=\"http:\/\/ro.wikipedia.org\/wiki\/Ia%C5%9Fi\">Ia\u015fi<\/a>.<\/p>\n<p>L\u00e2ng\u0103 ora\u015f s-au aflat dou\u0103 cet\u0103\u0163i, una mai veche la <a title=\"\u015echeia\" href=\"http:\/\/ro.wikipedia.org\/wiki\/%C5%9Echeia\">\u015echeia<\/a>, alta pu\u0163in mai nou\u0103, ce se vede \u015fi ast\u0103zi. \u00centre cele dou\u0103 s-a dezvoltat, \u00eenc\u0103 din prima parte a sec. XIV, ora\u015ful. <a title=\"Cetatea \u015echeia\" href=\"http:\/\/ro.wikipedia.org\/wiki\/Cetatea_%C5%9Echeia\">Cetatea \u015echeia<\/a>, una dintre cele mai vechi cet\u0103\u0163i din <a title=\"Moldova\" href=\"http:\/\/ro.wikipedia.org\/wiki\/Moldova\">Moldova<\/a>, dar cu o existen\u0163\u0103 scurt\u0103, a fost d\u0103r\u00e2mat\u0103 \u00een timpul lui <a title=\"Alexandru cel Bun\" href=\"http:\/\/ro.wikipedia.org\/wiki\/Alexandru_cel_Bun\">Alexandru cel Bun<\/a>. <a title=\"Cetatea de Scaun a Sucevei\" href=\"http:\/\/ro.wikipedia.org\/wiki\/Cetatea_de_Scaun_a_Sucevei\">Cetatea de Scaun a Sucevei<\/a> a avut timp de trei secole un rol important \u00een via\u0163a politic\u0103 a Moldovei.<\/p>\n<p>\u00cen evul mediu, ora\u015ful era populat cu rom\u00e2ni, dar \u015fi cu germani, maghiari \u015fi armeni, ultimii av\u00e2nd dreptul de a-\u015fi alege un \u015foltuz propriu (ce purta numele de &#8222;voit&#8221;).<\/p>\n<p>Din Suceava, <a title=\"Alexandru cel Bun\" href=\"http:\/\/ro.wikipedia.org\/wiki\/Alexandru_cel_Bun\">Alexandru cel Bun<\/a> a condus \u0163ara timp de 32 de ani, m\u0103rind cetatea \u015fi \u00eent\u0103rindu-i zidurile. \u00cen 1401, aici s-a stabilit \u015fi <a title=\"Mitropolia Moldovei\" href=\"http:\/\/ro.wikipedia.org\/wiki\/Mitropolia_Moldovei\">Mitropolia Moldovei<\/a>.<\/p>\n<p>\u00cen 1408, <a title=\"Alexandru cel Bun\" href=\"http:\/\/ro.wikipedia.org\/wiki\/Alexandru_cel_Bun\">Alexandru cel Bun<\/a> acorda privilegii negustorilor <a title=\"Liov\" href=\"http:\/\/ro.wikipedia.org\/wiki\/Liov\">lioveni<\/a>, iar ora\u015ful Suceava era men\u0163ionat ca unul dintre locurile de depozitare a postavului, precum \u015fi a unor m\u0103rfuri de export ale Moldovei.<\/p>\n<p>Epoca de apogeu avea sa fie \u00eens\u0103 \u00een timpul lui <a title=\"\u015etefan cel Mare\" href=\"http:\/\/ro.wikipedia.org\/wiki\/%C5%9Etefan_cel_Mare\">\u015etefan cel Mare<\/a> (1457 &#8211; 1504). \u00cen vara anului 1476, ambi\u0163iosul <a title=\"Mohamed II\" href=\"http:\/\/ro.wikipedia.org\/wiki\/Mohamed_II\">Mohamed II<\/a> \u015fi-a \u00eencercat norocul sub zidurile cet\u0103\u0163ii, dar d\u00e2rza rezisten\u0163\u0103 a moldovenilor i-a fr\u00e2nt voin\u0163a victoriei \u015fi l-a silit s\u0103 se retrag\u0103 \u00een mod ru\u015finos. \u015etefan f\u0103cuse din Suceava un fel de creier al sistemului s\u0103u de aparare. \u00cen 1497, 21 de zile \u015fi nop\u0163i \u00een \u015fir, tunurile le\u015filor au b\u0103tut \u00een ziduri, dar acestea au r\u0103mas neclintite. Niciodat\u0103 cetatea n-a fost cucerit\u0103 prin for\u0163a armelor.<\/p>\n<p>La 21 mai 1600, oastea lui <a title=\"Mihai Viteazul\" href=\"http:\/\/ro.wikipedia.org\/wiki\/Mihai_Viteazul\">Mihai Viteazul<\/a> intr\u0103 f\u0103r\u0103 lupt\u0103 \u00een cetate, iar la 26 mai <a title=\"Ioan Capturi \u2014 pagin\u0103 inexistent\u0103\" href=\"http:\/\/ro.wikipedia.org\/w\/index.php?title=Ioan_Capturi&amp;action=edit&amp;redlink=1\">Ioan Capturi<\/a>, noul <a title=\"P\u00e2rc\u0103lab\" href=\"http:\/\/ro.wikipedia.org\/wiki\/P%C3%A2rc%C4%83lab\">p\u00e2rc\u0103lab<\/a> al Sucevei, jur\u0103 credin\u0163\u0103 marelui voievod care se intitula \u201edomn al \u0162\u0103rii Rom\u00e2ne\u015fti \u015fi Ardealului \u015fi a toat\u0103 \u0162ara Moldovei\u201c. Suceava prime\u015fte o\u015ftile marelui voievod Mihai. Apoi, asupra ora\u015fului s-au a\u015fezat \u00eens\u0103 vremuri grele, intr\u00e2nd tot mai mult \u00een anonimat.<\/p>\n<p>\u00cen 1775, ca urmare a atitudinii de neutralitate pe care a avut-o \u00een timpul conflictului militar dintre <a title=\"Turcia\" href=\"http:\/\/ro.wikipedia.org\/wiki\/Turcia\">Turcia<\/a> \u015fi <a title=\"Rusia\" href=\"http:\/\/ro.wikipedia.org\/wiki\/Rusia\">Rusia<\/a> (1768 &#8211; 1774), Austria a primit o parte din teritoriul Moldovei, \u00een care se afla \u015fi Suceava (grani\u0163a cu Rom\u00e2nia trecea chiar pe la sud-est de ora\u015f). Timp de un <a title=\"Secol\" href=\"http:\/\/ro.wikipedia.org\/wiki\/Secol\">secol<\/a> \u015fi jum\u0103tate acest teritoriu a f\u0103cut parte din <a title=\"Imperiul Habsburgic\" href=\"http:\/\/ro.wikipedia.org\/wiki\/Imperiul_Habsburgic\">Imperiul Habsburgic<\/a>, primind numele de <a title=\"Bucovina\" href=\"http:\/\/ro.wikipedia.org\/wiki\/Bucovina\">Bucovina<\/a>. Suceava a fost al doilea ora\u015f, dup\u0103 Cern\u0103u\u0163i, al Bucovinei.<\/p>\n<p>Dup\u0103 izbucnirea primului r\u0103zboi mondial, foarte mul\u0163i bucovineni au fugit \u00een Moldova \u015fi s-au \u00eenrolat \u00een armata rom\u00e2n\u0103.<\/p>\n","protected":false},"excerpt":{"rendered":"<p>Istoric Planul Cet\u0103\u0163ii asa cum a fost ridicat in anul 1901 Pentru detalii, vezi: Istoria Sucevei. Teritoriul ora\u015fului Suceava \u015fi \u00eemprejurimile sale au fost locuite, a\u015fa cum atest\u0103 cercet\u0103rile arheologice, din timpuri str\u0103vechi, \u00eencep\u00e2nd chiar din paleolitic. \u00cen sec. II-III exista aici o a\u015fezare a dacilor liberi, descoperirile arheologice relev\u00e2nd \u015fi puternice influen\u0163e romane. \u00cen [&hellip;]<\/p>\n","protected":false},"author":1,"featured_media":0,"parent":41,"menu_order":0,"comment_status":"open","ping_status":"closed","template":"","meta":{"footnotes":""},"class_list":["post-48","page","type-page","status-publish","hentry"],"yoast_head":"<!-- This site is optimized with the Yoast SEO plugin v27.4 - https:\/\/yoast.com\/product\/yoast-seo-wordpress\/ -->\n<title>Istoria Sucevei - MD<\/title>\n<meta name=\"robots\" content=\"index, follow, max-snippet:-1, max-image-preview:large, max-video-preview:-1\" \/>\n<link rel=\"canonical\" href=\"https:\/\/goldenglory.ro\/?page_id=48\" \/>\n<meta property=\"og:locale\" content=\"ro_RO\" \/>\n<meta property=\"og:type\" content=\"article\" \/>\n<meta property=\"og:title\" content=\"Istoria Sucevei - MD\" \/>\n<meta property=\"og:description\" content=\"Istoric Planul Cet\u0103\u0163ii asa cum a fost ridicat in anul 1901 Pentru detalii, vezi: Istoria Sucevei. Teritoriul ora\u015fului Suceava \u015fi \u00eemprejurimile sale au fost locuite, a\u015fa cum atest\u0103 cercet\u0103rile arheologice, din timpuri str\u0103vechi, \u00eencep\u00e2nd chiar din paleolitic. \u00cen sec. II-III exista aici o a\u015fezare a dacilor liberi, descoperirile arheologice relev\u00e2nd \u015fi puternice influen\u0163e romane. \u00cen [&hellip;]\" \/>\n<meta property=\"og:url\" content=\"https:\/\/goldenglory.ro\/?page_id=48\" \/>\n<meta property=\"og:site_name\" content=\"MD\" \/>\n<meta property=\"article:modified_time\" content=\"2025-10-13T12:57:57+00:00\" \/>\n<meta name=\"twitter:card\" content=\"summary_large_image\" \/>\n<meta name=\"twitter:label1\" content=\"Timp estimat pentru citire\" \/>\n\t<meta name=\"twitter:data1\" content=\"3 minute\" \/>\n<script type=\"application\/ld+json\" class=\"yoast-schema-graph\">{\"@context\":\"https:\\\/\\\/schema.org\",\"@graph\":[{\"@type\":\"WebPage\",\"@id\":\"https:\\\/\\\/goldenglory.ro\\\/?page_id=48\",\"url\":\"https:\\\/\\\/goldenglory.ro\\\/?page_id=48\",\"name\":\"Istoria Sucevei - MD\",\"isPartOf\":{\"@id\":\"https:\\\/\\\/goldenglory.ro\\\/#website\"},\"datePublished\":\"2010-04-17T08:25:17+00:00\",\"dateModified\":\"2025-10-13T12:57:57+00:00\",\"breadcrumb\":{\"@id\":\"https:\\\/\\\/goldenglory.ro\\\/?page_id=48#breadcrumb\"},\"inLanguage\":\"ro-RO\",\"potentialAction\":[{\"@type\":\"ReadAction\",\"target\":[\"https:\\\/\\\/goldenglory.ro\\\/?page_id=48\"]}]},{\"@type\":\"BreadcrumbList\",\"@id\":\"https:\\\/\\\/goldenglory.ro\\\/?page_id=48#breadcrumb\",\"itemListElement\":[{\"@type\":\"ListItem\",\"position\":1,\"name\":\"Prima pagin\u0103\",\"item\":\"https:\\\/\\\/goldenglory.ro\\\/\"},{\"@type\":\"ListItem\",\"position\":2,\"name\":\"Orasul Nostru Suceava\",\"item\":\"https:\\\/\\\/goldenglory.ro\\\/?page_id=41\"},{\"@type\":\"ListItem\",\"position\":3,\"name\":\"Istoria Sucevei\"}]},{\"@type\":\"WebSite\",\"@id\":\"https:\\\/\\\/goldenglory.ro\\\/#website\",\"url\":\"https:\\\/\\\/goldenglory.ro\\\/\",\"name\":\"MD\",\"description\":\"G\u00e2nduri, idei , opinii , toate strict personale\",\"potentialAction\":[{\"@type\":\"SearchAction\",\"target\":{\"@type\":\"EntryPoint\",\"urlTemplate\":\"https:\\\/\\\/goldenglory.ro\\\/?s={search_term_string}\"},\"query-input\":{\"@type\":\"PropertyValueSpecification\",\"valueRequired\":true,\"valueName\":\"search_term_string\"}}],\"inLanguage\":\"ro-RO\"}]}<\/script>\n<!-- \/ Yoast SEO plugin. -->","yoast_head_json":{"title":"Istoria Sucevei - MD","robots":{"index":"index","follow":"follow","max-snippet":"max-snippet:-1","max-image-preview":"max-image-preview:large","max-video-preview":"max-video-preview:-1"},"canonical":"https:\/\/goldenglory.ro\/?page_id=48","og_locale":"ro_RO","og_type":"article","og_title":"Istoria Sucevei - MD","og_description":"Istoric Planul Cet\u0103\u0163ii asa cum a fost ridicat in anul 1901 Pentru detalii, vezi: Istoria Sucevei. Teritoriul ora\u015fului Suceava \u015fi \u00eemprejurimile sale au fost locuite, a\u015fa cum atest\u0103 cercet\u0103rile arheologice, din timpuri str\u0103vechi, \u00eencep\u00e2nd chiar din paleolitic. \u00cen sec. II-III exista aici o a\u015fezare a dacilor liberi, descoperirile arheologice relev\u00e2nd \u015fi puternice influen\u0163e romane. \u00cen [&hellip;]","og_url":"https:\/\/goldenglory.ro\/?page_id=48","og_site_name":"MD","article_modified_time":"2025-10-13T12:57:57+00:00","twitter_card":"summary_large_image","twitter_misc":{"Timp estimat pentru citire":"3 minute"},"schema":{"@context":"https:\/\/schema.org","@graph":[{"@type":"WebPage","@id":"https:\/\/goldenglory.ro\/?page_id=48","url":"https:\/\/goldenglory.ro\/?page_id=48","name":"Istoria Sucevei - MD","isPartOf":{"@id":"https:\/\/goldenglory.ro\/#website"},"datePublished":"2010-04-17T08:25:17+00:00","dateModified":"2025-10-13T12:57:57+00:00","breadcrumb":{"@id":"https:\/\/goldenglory.ro\/?page_id=48#breadcrumb"},"inLanguage":"ro-RO","potentialAction":[{"@type":"ReadAction","target":["https:\/\/goldenglory.ro\/?page_id=48"]}]},{"@type":"BreadcrumbList","@id":"https:\/\/goldenglory.ro\/?page_id=48#breadcrumb","itemListElement":[{"@type":"ListItem","position":1,"name":"Prima pagin\u0103","item":"https:\/\/goldenglory.ro\/"},{"@type":"ListItem","position":2,"name":"Orasul Nostru Suceava","item":"https:\/\/goldenglory.ro\/?page_id=41"},{"@type":"ListItem","position":3,"name":"Istoria Sucevei"}]},{"@type":"WebSite","@id":"https:\/\/goldenglory.ro\/#website","url":"https:\/\/goldenglory.ro\/","name":"MD","description":"G\u00e2nduri, idei , opinii , toate strict personale","potentialAction":[{"@type":"SearchAction","target":{"@type":"EntryPoint","urlTemplate":"https:\/\/goldenglory.ro\/?s={search_term_string}"},"query-input":{"@type":"PropertyValueSpecification","valueRequired":true,"valueName":"search_term_string"}}],"inLanguage":"ro-RO"}]}},"_links":{"self":[{"href":"https:\/\/goldenglory.ro\/index.php?rest_route=\/wp\/v2\/pages\/48","targetHints":{"allow":["GET"]}}],"collection":[{"href":"https:\/\/goldenglory.ro\/index.php?rest_route=\/wp\/v2\/pages"}],"about":[{"href":"https:\/\/goldenglory.ro\/index.php?rest_route=\/wp\/v2\/types\/page"}],"author":[{"embeddable":true,"href":"https:\/\/goldenglory.ro\/index.php?rest_route=\/wp\/v2\/users\/1"}],"replies":[{"embeddable":true,"href":"https:\/\/goldenglory.ro\/index.php?rest_route=%2Fwp%2Fv2%2Fcomments&post=48"}],"version-history":[{"count":1,"href":"https:\/\/goldenglory.ro\/index.php?rest_route=\/wp\/v2\/pages\/48\/revisions"}],"predecessor-version":[{"id":371,"href":"https:\/\/goldenglory.ro\/index.php?rest_route=\/wp\/v2\/pages\/48\/revisions\/371"}],"up":[{"embeddable":true,"href":"https:\/\/goldenglory.ro\/index.php?rest_route=\/wp\/v2\/pages\/41"}],"wp:attachment":[{"href":"https:\/\/goldenglory.ro\/index.php?rest_route=%2Fwp%2Fv2%2Fmedia&parent=48"}],"curies":[{"name":"wp","href":"https:\/\/api.w.org\/{rel}","templated":true}]}}