{"id":51,"date":"2010-04-17T08:28:23","date_gmt":"2010-04-17T08:28:23","guid":{"rendered":"http:\/\/blocn4.wordpress.com\/?page_id=51"},"modified":"2025-10-13T12:55:27","modified_gmt":"2025-10-13T12:55:27","slug":"stema-orasului","status":"publish","type":"page","link":"https:\/\/goldenglory.ro\/?page_id=51","title":{"rendered":"Stema ora\u015fului Suceava"},"content":{"rendered":"<h3>Stema ora\u015fului<\/h3>\n<div>\n<div>\n<p><img  title=\"\" loading=\"lazy\" decoding=\"async\" class=\"alignright\" src=\"http:\/\/upload.wikimedia.org\/wikipedia\/commons\/thumb\/b\/bc\/Interbelic_Suceava_CoA.png\/80px-Interbelic_Suceava_CoA.png\"  alt=\"80px-Interbelic_Suceava_CoA Stema ora\u015fului Suceava\"  width=\"80\" height=\"139\" \/><\/p>\n<div>\n<div><a title=\"Extinde\" href=\"http:\/\/ro.wikipedia.org\/wiki\/Fi%C5%9Fier:Stema_Suceava.gif\">\u00a0<\/a><\/div>\n<\/div>\n<\/div>\n<p><img  title=\"\" loading=\"lazy\" decoding=\"async\" class=\"alignleft\" src=\"http:\/\/upload.wikimedia.org\/wikipedia\/commons\/a\/a4\/Stema_Suceava.gif\"  alt=\"Stema_Suceava Stema ora\u015fului Suceava\"  width=\"70\" height=\"100\" \/><\/p>\n<\/div>\n<div>\n<div>\n<div>Stema ora\u015fului \u00een perioada interbelic\u0103<\/div>\n<\/div>\n<\/div>\n<p>Stema ora\u015fului Suceava: \u00een scut, pe c\u00e2mp de azur, o cetate crenelata ro\u015fie, cu \u015fapte turnuri, dotat\u0103 cu ferestre luminate negru \u015fi a\u015fezat\u0103 pe o c\u00e2mpie verde; \u00een fa\u0163a construc\u0163iei <a title=\"Sf\u00e2ntul Gheorghe\" href=\"http:\/\/ro.wikipedia.org\/wiki\/Sf%C3%A2ntul_Gheorghe\">Sf\u00e2ntul Gheorghe<\/a> ecvestru, de argint, nimbat de aur, str\u0103punge cu lancea un <a title=\"Balaur\" href=\"http:\/\/ro.wikipedia.org\/wiki\/Balaur\">balaur<\/a>, de asemenea, de aur. Scutul este timbrat de o coroan\u0103 mural\u0103 de argint, format\u0103 din cinci turnuri, din care iese stema Moldovei: capul de bour cu g\u00e2t cu tot \u015fi cu stea \u00eentre coarne.<\/p>\n<p>Semnifica\u0163ia &#8211; Sf\u00e2ntul Gheorghe, considerat \u00een epocile feudal\u0103 \u015fi modern\u0103, purt\u0103torul de biruin\u0163\u0103 al cre\u015ftin\u0103t\u0103\u0163ii &#8211; evoc\u0103 faptul c\u0103 ora\u015ful s-a remarcat \u00een lupta anti-otoman\u0103. Capul de bour, plasat deasupra coroanei murale, evoc\u0103 faptul c\u0103 aceast\u0103 urbe a fost odinioar\u0103 capitala Moldovei.<\/p>\n","protected":false},"excerpt":{"rendered":"<p>Stema ora\u015fului \u00a0 Stema ora\u015fului \u00een perioada interbelic\u0103 Stema ora\u015fului Suceava: \u00een scut, pe c\u00e2mp de azur, o cetate crenelata ro\u015fie, cu \u015fapte turnuri, dotat\u0103 cu ferestre luminate negru \u015fi a\u015fezat\u0103 pe o c\u00e2mpie verde; \u00een fa\u0163a construc\u0163iei Sf\u00e2ntul Gheorghe ecvestru, de argint, nimbat de aur, str\u0103punge cu lancea un balaur, de asemenea, de aur. [&hellip;]<\/p>\n","protected":false},"author":1,"featured_media":0,"parent":41,"menu_order":0,"comment_status":"open","ping_status":"closed","template":"","meta":{"footnotes":""},"class_list":["post-51","page","type-page","status-publish","hentry"],"yoast_head":"<!-- This site is optimized with the Yoast SEO plugin v27.4 - https:\/\/yoast.com\/product\/yoast-seo-wordpress\/ -->\n<title>Stema ora\u015fului Suceava - MD<\/title>\n<meta name=\"robots\" content=\"index, follow, max-snippet:-1, max-image-preview:large, max-video-preview:-1\" \/>\n<link rel=\"canonical\" href=\"https:\/\/goldenglory.ro\/?page_id=51\" \/>\n<meta property=\"og:locale\" content=\"ro_RO\" \/>\n<meta property=\"og:type\" content=\"article\" \/>\n<meta property=\"og:title\" content=\"Stema ora\u015fului Suceava - MD\" \/>\n<meta property=\"og:description\" content=\"Stema ora\u015fului \u00a0 Stema ora\u015fului \u00een perioada interbelic\u0103 Stema ora\u015fului Suceava: \u00een scut, pe c\u00e2mp de azur, o cetate crenelata ro\u015fie, cu \u015fapte turnuri, dotat\u0103 cu ferestre luminate negru \u015fi a\u015fezat\u0103 pe o c\u00e2mpie verde; \u00een fa\u0163a construc\u0163iei Sf\u00e2ntul Gheorghe ecvestru, de argint, nimbat de aur, str\u0103punge cu lancea un balaur, de asemenea, de aur. [&hellip;]\" \/>\n<meta property=\"og:url\" content=\"https:\/\/goldenglory.ro\/?page_id=51\" \/>\n<meta property=\"og:site_name\" content=\"MD\" \/>\n<meta property=\"article:modified_time\" content=\"2025-10-13T12:55:27+00:00\" \/>\n<meta property=\"og:image\" content=\"http:\/\/upload.wikimedia.org\/wikipedia\/commons\/thumb\/b\/bc\/Interbelic_Suceava_CoA.png\/80px-Interbelic_Suceava_CoA.png\" \/>\n<meta name=\"twitter:card\" content=\"summary_large_image\" \/>\n<meta name=\"twitter:label1\" content=\"Timp estimat pentru citire\" \/>\n\t<meta name=\"twitter:data1\" content=\"1 minut\" \/>\n<script type=\"application\/ld+json\" class=\"yoast-schema-graph\">{\"@context\":\"https:\\\/\\\/schema.org\",\"@graph\":[{\"@type\":\"WebPage\",\"@id\":\"https:\\\/\\\/goldenglory.ro\\\/?page_id=51\",\"url\":\"https:\\\/\\\/goldenglory.ro\\\/?page_id=51\",\"name\":\"Stema ora\u015fului Suceava - MD\",\"isPartOf\":{\"@id\":\"https:\\\/\\\/goldenglory.ro\\\/#website\"},\"primaryImageOfPage\":{\"@id\":\"https:\\\/\\\/goldenglory.ro\\\/?page_id=51#primaryimage\"},\"image\":{\"@id\":\"https:\\\/\\\/goldenglory.ro\\\/?page_id=51#primaryimage\"},\"thumbnailUrl\":\"http:\\\/\\\/upload.wikimedia.org\\\/wikipedia\\\/commons\\\/thumb\\\/b\\\/bc\\\/Interbelic_Suceava_CoA.png\\\/80px-Interbelic_Suceava_CoA.png\",\"datePublished\":\"2010-04-17T08:28:23+00:00\",\"dateModified\":\"2025-10-13T12:55:27+00:00\",\"breadcrumb\":{\"@id\":\"https:\\\/\\\/goldenglory.ro\\\/?page_id=51#breadcrumb\"},\"inLanguage\":\"ro-RO\",\"potentialAction\":[{\"@type\":\"ReadAction\",\"target\":[\"https:\\\/\\\/goldenglory.ro\\\/?page_id=51\"]}]},{\"@type\":\"ImageObject\",\"inLanguage\":\"ro-RO\",\"@id\":\"https:\\\/\\\/goldenglory.ro\\\/?page_id=51#primaryimage\",\"url\":\"http:\\\/\\\/upload.wikimedia.org\\\/wikipedia\\\/commons\\\/thumb\\\/b\\\/bc\\\/Interbelic_Suceava_CoA.png\\\/80px-Interbelic_Suceava_CoA.png\",\"contentUrl\":\"http:\\\/\\\/upload.wikimedia.org\\\/wikipedia\\\/commons\\\/thumb\\\/b\\\/bc\\\/Interbelic_Suceava_CoA.png\\\/80px-Interbelic_Suceava_CoA.png\"},{\"@type\":\"BreadcrumbList\",\"@id\":\"https:\\\/\\\/goldenglory.ro\\\/?page_id=51#breadcrumb\",\"itemListElement\":[{\"@type\":\"ListItem\",\"position\":1,\"name\":\"Prima pagin\u0103\",\"item\":\"https:\\\/\\\/goldenglory.ro\\\/\"},{\"@type\":\"ListItem\",\"position\":2,\"name\":\"Orasul Nostru Suceava\",\"item\":\"https:\\\/\\\/goldenglory.ro\\\/?page_id=41\"},{\"@type\":\"ListItem\",\"position\":3,\"name\":\"Stema ora\u015fului Suceava\"}]},{\"@type\":\"WebSite\",\"@id\":\"https:\\\/\\\/goldenglory.ro\\\/#website\",\"url\":\"https:\\\/\\\/goldenglory.ro\\\/\",\"name\":\"MD\",\"description\":\"G\u00e2nduri, idei , opinii , toate strict personale\",\"potentialAction\":[{\"@type\":\"SearchAction\",\"target\":{\"@type\":\"EntryPoint\",\"urlTemplate\":\"https:\\\/\\\/goldenglory.ro\\\/?s={search_term_string}\"},\"query-input\":{\"@type\":\"PropertyValueSpecification\",\"valueRequired\":true,\"valueName\":\"search_term_string\"}}],\"inLanguage\":\"ro-RO\"}]}<\/script>\n<!-- \/ Yoast SEO plugin. -->","yoast_head_json":{"title":"Stema ora\u015fului Suceava - MD","robots":{"index":"index","follow":"follow","max-snippet":"max-snippet:-1","max-image-preview":"max-image-preview:large","max-video-preview":"max-video-preview:-1"},"canonical":"https:\/\/goldenglory.ro\/?page_id=51","og_locale":"ro_RO","og_type":"article","og_title":"Stema ora\u015fului Suceava - MD","og_description":"Stema ora\u015fului \u00a0 Stema ora\u015fului \u00een perioada interbelic\u0103 Stema ora\u015fului Suceava: \u00een scut, pe c\u00e2mp de azur, o cetate crenelata ro\u015fie, cu \u015fapte turnuri, dotat\u0103 cu ferestre luminate negru \u015fi a\u015fezat\u0103 pe o c\u00e2mpie verde; \u00een fa\u0163a construc\u0163iei Sf\u00e2ntul Gheorghe ecvestru, de argint, nimbat de aur, str\u0103punge cu lancea un balaur, de asemenea, de aur. [&hellip;]","og_url":"https:\/\/goldenglory.ro\/?page_id=51","og_site_name":"MD","article_modified_time":"2025-10-13T12:55:27+00:00","og_image":[{"url":"http:\/\/upload.wikimedia.org\/wikipedia\/commons\/thumb\/b\/bc\/Interbelic_Suceava_CoA.png\/80px-Interbelic_Suceava_CoA.png","type":"","width":"","height":""}],"twitter_card":"summary_large_image","twitter_misc":{"Timp estimat pentru citire":"1 minut"},"schema":{"@context":"https:\/\/schema.org","@graph":[{"@type":"WebPage","@id":"https:\/\/goldenglory.ro\/?page_id=51","url":"https:\/\/goldenglory.ro\/?page_id=51","name":"Stema ora\u015fului Suceava - MD","isPartOf":{"@id":"https:\/\/goldenglory.ro\/#website"},"primaryImageOfPage":{"@id":"https:\/\/goldenglory.ro\/?page_id=51#primaryimage"},"image":{"@id":"https:\/\/goldenglory.ro\/?page_id=51#primaryimage"},"thumbnailUrl":"http:\/\/upload.wikimedia.org\/wikipedia\/commons\/thumb\/b\/bc\/Interbelic_Suceava_CoA.png\/80px-Interbelic_Suceava_CoA.png","datePublished":"2010-04-17T08:28:23+00:00","dateModified":"2025-10-13T12:55:27+00:00","breadcrumb":{"@id":"https:\/\/goldenglory.ro\/?page_id=51#breadcrumb"},"inLanguage":"ro-RO","potentialAction":[{"@type":"ReadAction","target":["https:\/\/goldenglory.ro\/?page_id=51"]}]},{"@type":"ImageObject","inLanguage":"ro-RO","@id":"https:\/\/goldenglory.ro\/?page_id=51#primaryimage","url":"http:\/\/upload.wikimedia.org\/wikipedia\/commons\/thumb\/b\/bc\/Interbelic_Suceava_CoA.png\/80px-Interbelic_Suceava_CoA.png","contentUrl":"http:\/\/upload.wikimedia.org\/wikipedia\/commons\/thumb\/b\/bc\/Interbelic_Suceava_CoA.png\/80px-Interbelic_Suceava_CoA.png"},{"@type":"BreadcrumbList","@id":"https:\/\/goldenglory.ro\/?page_id=51#breadcrumb","itemListElement":[{"@type":"ListItem","position":1,"name":"Prima pagin\u0103","item":"https:\/\/goldenglory.ro\/"},{"@type":"ListItem","position":2,"name":"Orasul Nostru Suceava","item":"https:\/\/goldenglory.ro\/?page_id=41"},{"@type":"ListItem","position":3,"name":"Stema ora\u015fului Suceava"}]},{"@type":"WebSite","@id":"https:\/\/goldenglory.ro\/#website","url":"https:\/\/goldenglory.ro\/","name":"MD","description":"G\u00e2nduri, idei , opinii , toate strict personale","potentialAction":[{"@type":"SearchAction","target":{"@type":"EntryPoint","urlTemplate":"https:\/\/goldenglory.ro\/?s={search_term_string}"},"query-input":{"@type":"PropertyValueSpecification","valueRequired":true,"valueName":"search_term_string"}}],"inLanguage":"ro-RO"}]}},"_links":{"self":[{"href":"https:\/\/goldenglory.ro\/index.php?rest_route=\/wp\/v2\/pages\/51","targetHints":{"allow":["GET"]}}],"collection":[{"href":"https:\/\/goldenglory.ro\/index.php?rest_route=\/wp\/v2\/pages"}],"about":[{"href":"https:\/\/goldenglory.ro\/index.php?rest_route=\/wp\/v2\/types\/page"}],"author":[{"embeddable":true,"href":"https:\/\/goldenglory.ro\/index.php?rest_route=\/wp\/v2\/users\/1"}],"replies":[{"embeddable":true,"href":"https:\/\/goldenglory.ro\/index.php?rest_route=%2Fwp%2Fv2%2Fcomments&post=51"}],"version-history":[{"count":1,"href":"https:\/\/goldenglory.ro\/index.php?rest_route=\/wp\/v2\/pages\/51\/revisions"}],"predecessor-version":[{"id":365,"href":"https:\/\/goldenglory.ro\/index.php?rest_route=\/wp\/v2\/pages\/51\/revisions\/365"}],"up":[{"embeddable":true,"href":"https:\/\/goldenglory.ro\/index.php?rest_route=\/wp\/v2\/pages\/41"}],"wp:attachment":[{"href":"https:\/\/goldenglory.ro\/index.php?rest_route=%2Fwp%2Fv2%2Fmedia&parent=51"}],"curies":[{"name":"wp","href":"https:\/\/api.w.org\/{rel}","templated":true}]}}