{"id":529,"date":"2009-03-22T11:15:34","date_gmt":"2009-03-22T18:15:34","guid":{"rendered":"http:\/\/www.maini-deschise.ro\/filadelfia-online\/"},"modified":"2009-03-22T11:15:34","modified_gmt":"2009-03-22T18:15:34","slug":"filadelfia-online","status":"publish","type":"page","link":"https:\/\/goldenglory.ro\/?page_id=529","title":{"rendered":"Filadelfia Suceava"},"content":{"rendered":"<p><object id=\"Player\" classid=\"clsid:d27cdb6e-ae6d-11cf-96b8-444553540000\" width=\"600\" height=\"600\" codebase=\"http:\/\/download.macromedia.com\/pub\/shockwave\/cabs\/flash\/swflash.cab#version=6,0,40,0\"><param name=\"allowFullScreen\" value=\"true\" \/><param name=\"bgcolor\" value=\"#ffffff\" \/><param name=\"wmode\" value=\"window\" \/><param name=\"src\" value=\"http:\/\/static.livestream.com\/grid\/PlayerV2.swf?channel=filasv&amp;layout=playerEmbedDefault&amp;backgroundColor=0xffffff&amp;backgroundAlpha=1&amp;backgroundGradientStrength=0&amp;chromeColor=0x000000&amp;headerBarGlossEnabled=true&amp;controlBarGlossEnabled=true&amp;chatInputGlossEnabled=true&amp;uiWhite=true&amp;uiAlpha=0.5&amp;uiSelectedAlpha=1&amp;dropShadowEnabled=true&amp;dropShadowHorizontalDistance=10&amp;dropShadowVerticalDistance=10&amp;paddingLeft=9&amp;paddingRight=9&amp;paddingTop=9&amp;paddingBottom=8&amp;cornerRadius=9&amp;backToDirectoryURL=null&amp;bannerURL=null&amp;bannerText=null&amp;bannerWidth=320&amp;bannerHeight=50&amp;showViewers=true&amp;embedEnabled=true&amp;chatEnabled=true&amp;onDemandEnabled=true&amp;programGuideEnabled=false&amp;fullScreenEnabled=true&amp;reportAbuseEnabled=false&amp;gridEnabled=false&amp;initialIsOn=true&amp;initialIsMute=false&amp;initialVolume=10&amp;contentId=null&amp;initThumbUrl=null&amp;playeraspectwidth=16&amp;playeraspectheight=9&amp;mogulusLogoEnabled=true\" \/><param name=\"name\" value=\"Player\" \/><param name=\"allowfullscreen\" value=\"true\" \/><embed id=\"Player\" type=\"application\/x-shockwave-flash\" width=\"600\" height=\"600\" src=\"http:\/\/static.livestream.com\/grid\/PlayerV2.swf?channel=filasv&amp;layout=playerEmbedDefault&amp;backgroundColor=0xffffff&amp;backgroundAlpha=1&amp;backgroundGradientStrength=0&amp;chromeColor=0x000000&amp;headerBarGlossEnabled=true&amp;controlBarGlossEnabled=true&amp;chatInputGlossEnabled=true&amp;uiWhite=true&amp;uiAlpha=0.5&amp;uiSelectedAlpha=1&amp;dropShadowEnabled=true&amp;dropShadowHorizontalDistance=10&amp;dropShadowVerticalDistance=10&amp;paddingLeft=9&amp;paddingRight=9&amp;paddingTop=9&amp;paddingBottom=8&amp;cornerRadius=9&amp;backToDirectoryURL=null&amp;bannerURL=null&amp;bannerText=null&amp;bannerWidth=320&amp;bannerHeight=50&amp;showViewers=true&amp;embedEnabled=true&amp;chatEnabled=true&amp;onDemandEnabled=true&amp;programGuideEnabled=false&amp;fullScreenEnabled=true&amp;reportAbuseEnabled=false&amp;gridEnabled=false&amp;initialIsOn=true&amp;initialIsMute=false&amp;initialVolume=10&amp;contentId=null&amp;initThumbUrl=null&amp;playeraspectwidth=16&amp;playeraspectheight=9&amp;mogulusLogoEnabled=true\" name=\"Player\" wmode=\"window\" bgcolor=\"#ffffff\" allowfullscreen=\"true\"><\/embed><\/object><br \/>\nTransmitem LIVE \u00een fiecare Duminic\u0103 \u00een intervalul 9-12 \u0219i 18-20.<\/p>\n<p>Ne cerem scuze pentru reclamele nepotrivite care apar \u00een partea de jos a playerului. Ele nu ne apar\u0163in ci fac parte din politica furnizorului serviciului de streaming, pentru varianta free.<\/p>\n<p>V\u0103 mul\u0163umim pentru \u00een\u0163elegere.<\/p>\n<p>Oficial site: <a href=\"http:\/\/www.filadelfiasv.ro\" target=\"_blank\">www.filadelfiasv.ro<\/a><\/p>\n<p>\u00a9 2010 Biserica Penticostala Filadelfia Suceava<\/p>\n","protected":false},"excerpt":{"rendered":"<p>Transmitem LIVE \u00een fiecare Duminic\u0103 \u00een intervalul 9-12 \u0219i 18-20. Ne cerem scuze pentru reclamele nepotrivite care apar \u00een partea de jos a playerului. Ele nu ne apar\u0163in ci fac parte din politica furnizorului serviciului de streaming, pentru varianta free. V\u0103 mul\u0163umim pentru \u00een\u0163elegere. Oficial site: www.filadelfiasv.ro \u00a9 2010 Biserica Penticostala Filadelfia Suceava<\/p>\n","protected":false},"author":1,"featured_media":0,"parent":0,"menu_order":0,"comment_status":"open","ping_status":"closed","template":"","meta":{"footnotes":""},"class_list":["post-529","page","type-page","status-publish","hentry"],"yoast_head":"<!-- This site is optimized with the Yoast SEO plugin v27.4 - https:\/\/yoast.com\/product\/yoast-seo-wordpress\/ -->\n<title>Filadelfia Suceava - MD<\/title>\n<meta name=\"robots\" content=\"index, follow, max-snippet:-1, max-image-preview:large, max-video-preview:-1\" \/>\n<link rel=\"canonical\" href=\"https:\/\/goldenglory.ro\/?page_id=529\" \/>\n<meta property=\"og:locale\" content=\"ro_RO\" \/>\n<meta property=\"og:type\" content=\"article\" \/>\n<meta property=\"og:title\" content=\"Filadelfia Suceava - MD\" \/>\n<meta property=\"og:description\" content=\"Transmitem LIVE \u00een fiecare Duminic\u0103 \u00een intervalul 9-12 \u0219i 18-20. Ne cerem scuze pentru reclamele nepotrivite care apar \u00een partea de jos a playerului. Ele nu ne apar\u0163in ci fac parte din politica furnizorului serviciului de streaming, pentru varianta free. V\u0103 mul\u0163umim pentru \u00een\u0163elegere. Oficial site: www.filadelfiasv.ro \u00a9 2010 Biserica Penticostala Filadelfia Suceava\" \/>\n<meta property=\"og:url\" content=\"https:\/\/goldenglory.ro\/?page_id=529\" \/>\n<meta property=\"og:site_name\" content=\"MD\" \/>\n<meta name=\"twitter:card\" content=\"summary_large_image\" \/>\n<script type=\"application\/ld+json\" class=\"yoast-schema-graph\">{\"@context\":\"https:\\\/\\\/schema.org\",\"@graph\":[{\"@type\":\"WebPage\",\"@id\":\"https:\\\/\\\/goldenglory.ro\\\/?page_id=529\",\"url\":\"https:\\\/\\\/goldenglory.ro\\\/?page_id=529\",\"name\":\"Filadelfia Suceava - MD\",\"isPartOf\":{\"@id\":\"https:\\\/\\\/goldenglory.ro\\\/#website\"},\"datePublished\":\"2009-03-22T18:15:34+00:00\",\"breadcrumb\":{\"@id\":\"https:\\\/\\\/goldenglory.ro\\\/?page_id=529#breadcrumb\"},\"inLanguage\":\"ro-RO\",\"potentialAction\":[{\"@type\":\"ReadAction\",\"target\":[\"https:\\\/\\\/goldenglory.ro\\\/?page_id=529\"]}]},{\"@type\":\"BreadcrumbList\",\"@id\":\"https:\\\/\\\/goldenglory.ro\\\/?page_id=529#breadcrumb\",\"itemListElement\":[{\"@type\":\"ListItem\",\"position\":1,\"name\":\"Prima pagin\u0103\",\"item\":\"https:\\\/\\\/goldenglory.ro\\\/\"},{\"@type\":\"ListItem\",\"position\":2,\"name\":\"Filadelfia Suceava\"}]},{\"@type\":\"WebSite\",\"@id\":\"https:\\\/\\\/goldenglory.ro\\\/#website\",\"url\":\"https:\\\/\\\/goldenglory.ro\\\/\",\"name\":\"MD\",\"description\":\"G\u00e2nduri, idei , opinii , toate strict personale\",\"potentialAction\":[{\"@type\":\"SearchAction\",\"target\":{\"@type\":\"EntryPoint\",\"urlTemplate\":\"https:\\\/\\\/goldenglory.ro\\\/?s={search_term_string}\"},\"query-input\":{\"@type\":\"PropertyValueSpecification\",\"valueRequired\":true,\"valueName\":\"search_term_string\"}}],\"inLanguage\":\"ro-RO\"}]}<\/script>\n<!-- \/ Yoast SEO plugin. -->","yoast_head_json":{"title":"Filadelfia Suceava - MD","robots":{"index":"index","follow":"follow","max-snippet":"max-snippet:-1","max-image-preview":"max-image-preview:large","max-video-preview":"max-video-preview:-1"},"canonical":"https:\/\/goldenglory.ro\/?page_id=529","og_locale":"ro_RO","og_type":"article","og_title":"Filadelfia Suceava - MD","og_description":"Transmitem LIVE \u00een fiecare Duminic\u0103 \u00een intervalul 9-12 \u0219i 18-20. Ne cerem scuze pentru reclamele nepotrivite care apar \u00een partea de jos a playerului. Ele nu ne apar\u0163in ci fac parte din politica furnizorului serviciului de streaming, pentru varianta free. V\u0103 mul\u0163umim pentru \u00een\u0163elegere. Oficial site: www.filadelfiasv.ro \u00a9 2010 Biserica Penticostala Filadelfia Suceava","og_url":"https:\/\/goldenglory.ro\/?page_id=529","og_site_name":"MD","twitter_card":"summary_large_image","schema":{"@context":"https:\/\/schema.org","@graph":[{"@type":"WebPage","@id":"https:\/\/goldenglory.ro\/?page_id=529","url":"https:\/\/goldenglory.ro\/?page_id=529","name":"Filadelfia Suceava - MD","isPartOf":{"@id":"https:\/\/goldenglory.ro\/#website"},"datePublished":"2009-03-22T18:15:34+00:00","breadcrumb":{"@id":"https:\/\/goldenglory.ro\/?page_id=529#breadcrumb"},"inLanguage":"ro-RO","potentialAction":[{"@type":"ReadAction","target":["https:\/\/goldenglory.ro\/?page_id=529"]}]},{"@type":"BreadcrumbList","@id":"https:\/\/goldenglory.ro\/?page_id=529#breadcrumb","itemListElement":[{"@type":"ListItem","position":1,"name":"Prima pagin\u0103","item":"https:\/\/goldenglory.ro\/"},{"@type":"ListItem","position":2,"name":"Filadelfia Suceava"}]},{"@type":"WebSite","@id":"https:\/\/goldenglory.ro\/#website","url":"https:\/\/goldenglory.ro\/","name":"MD","description":"G\u00e2nduri, idei , opinii , toate strict personale","potentialAction":[{"@type":"SearchAction","target":{"@type":"EntryPoint","urlTemplate":"https:\/\/goldenglory.ro\/?s={search_term_string}"},"query-input":{"@type":"PropertyValueSpecification","valueRequired":true,"valueName":"search_term_string"}}],"inLanguage":"ro-RO"}]}},"_links":{"self":[{"href":"https:\/\/goldenglory.ro\/index.php?rest_route=\/wp\/v2\/pages\/529","targetHints":{"allow":["GET"]}}],"collection":[{"href":"https:\/\/goldenglory.ro\/index.php?rest_route=\/wp\/v2\/pages"}],"about":[{"href":"https:\/\/goldenglory.ro\/index.php?rest_route=\/wp\/v2\/types\/page"}],"author":[{"embeddable":true,"href":"https:\/\/goldenglory.ro\/index.php?rest_route=\/wp\/v2\/users\/1"}],"replies":[{"embeddable":true,"href":"https:\/\/goldenglory.ro\/index.php?rest_route=%2Fwp%2Fv2%2Fcomments&post=529"}],"version-history":[{"count":0,"href":"https:\/\/goldenglory.ro\/index.php?rest_route=\/wp\/v2\/pages\/529\/revisions"}],"wp:attachment":[{"href":"https:\/\/goldenglory.ro\/index.php?rest_route=%2Fwp%2Fv2%2Fmedia&parent=529"}],"curies":[{"name":"wp","href":"https:\/\/api.w.org\/{rel}","templated":true}]}}